
{"id":1118,"date":"2024-08-23T09:01:13","date_gmt":"2024-08-23T09:01:13","guid":{"rendered":"https:\/\/vietnamwildlifetours.tamnghiathemes.com\/?post_type=product&#038;p=1118"},"modified":"2024-09-19T17:27:06","modified_gmt":"2024-09-19T17:27:06","slug":"tour-chup-anh-chim-mien-bac-viet-nam-8-ngay","status":"publish","type":"product","link":"https:\/\/www.vietnamwildlifetours.com.vn\/vi\/tours-chup-anh\/tour-chup-anh-chim-mien-bac-viet-nam-8-ngay\/","title":{"rendered":"Tour ch\u1ee5p \u1ea3nh chim &#8211; Mi\u1ec1n B\u1eafc Vi\u1ec7t Nam (8 ng\u00e0y)"},"content":{"rendered":"<h3 style=\"text-align: justify;\">Ng\u00e0y 1: H\u00e0 N\u1ed9i \u2013 V\u00e2n Long &#8211; V\u01b0\u1eddn qu\u1ed1c gia C\u00fac Ph\u01b0\u01a1ng<\/h3>\n<p style=\"text-align: justify;\">Ch\u00e0o m\u1eebng \u0111\u1ebfn v\u1edbi VIETNAM WILDLIFE TOURS! Ch\u00fang t\u00f4i s\u1ebd \u0111\u00f3n v\u00e0 \u0111\u00f3n b\u1ea1n t\u1ea1i s\u00e2n bay N\u1ed9i B\u00e0i ho\u1eb7c kh\u00e1ch s\u1ea1n c\u1ee7a b\u1ea1n t\u1ea1i Th\u1ee7 \u0111\u00f4 H\u00e0 N\u1ed9i. B\u1ea1n s\u1ebd \u0111\u01b0\u1ee3c \u0111\u01b0a \u0111\u1ebfn V\u01b0\u1eddn qu\u1ed1c gia C\u00fac Ph\u01b0\u01a1ng. Ch\u00fang t\u00f4i s\u1ebd \u0111\u1ebfn k\u1ecbp \u0111\u1ec3 kh\u00e1m ph\u00e1 c\u00f4ng vi\u00ean tuy\u1ec7t v\u1eddi n\u00e0y v\u00e0 d\u00f9ng b\u1eefa t\u1ed1i ch\u00e0o m\u1eebng v\u00e0o bu\u1ed5i t\u1ed1i. Ngh\u1ec9 \u0111\u00eam t\u1ea1i C\u00fac Ph\u01b0\u01a1ng.<\/p>\n<hr \/>\n<h3 style=\"text-align: justify;\">Ng\u00e0y 2-3: V\u01b0\u1eddn qu\u1ed1c gia C\u00fac Ph\u01b0\u01a1ng<\/h3>\n<p style=\"text-align: justify;\">Ch\u00fang t\u00f4i s\u1ebd c\u00f3 hai ng\u00e0y tr\u1ecdn v\u1eb9n \u0111\u1ec3 kh\u00e1m ph\u00e1 c\u00f4ng vi\u00ean xinh \u0111\u1eb9p, \u0111\u1ed9c \u0111\u00e1o v\u00e0 h\u1ea5p d\u1eabn n\u00e0y. Ch\u00fang t\u00f4i s\u1ebd d\u00e0nh ph\u1ea7n l\u1edbn th\u1eddi gian t\u1ea1i Bird Hides, m\u1ee5c ti\u00eau ch\u1ee5p \u1ea3nh ch\u00ednh c\u1ee7a ch\u00fang t\u00f4i s\u1ebd l\u00e0 lo\u00e0i Pitta b\u1ee5ng thanh, Pitta m\u00f4ng xanh v\u00e0 G\u00e0 g\u00f4 B\u1eafc K\u1ef3 tuy\u1ec7t \u0111\u1eb9p. N\u1ebfu th\u1eddi gian cho ph\u00e9p, ch\u00fang t\u00f4i s\u1ebd th\u1eed v\u1eadn \u200b\u200bmay v\u1edbi m\u1ed9t s\u1ed1 lo\u00e0i chim \u0111\u1eb9p kh\u00e1c tr\u00ean c\u00e1c tuy\u1ebfn \u0111\u01b0\u1eddng ng\u1eafm chim nh\u01b0 &#8220;Chim kh\u01b0\u1edbu \u0111\u00e1 v\u00f4i x\u00e1m&#8221; v\u00e0 &#8220;Chim m\u1eb7t tr\u1eddi \u0111u\u00f4i ch\u1ebb&#8221;. Ngh\u1ec9 \u0111\u00eam t\u1ea1i C\u00fac Ph\u01b0\u01a1ng.<\/p>\n<p style=\"text-align: justify;\">C\u00e1c lo\u00e0i chim d\u1ef1 ki\u1ebfn \u200b\u200bc\u00f3 t\u1ea1i C\u00fac Ph\u01b0\u01a1ng Bird Hides: Chim s\u1ebb b\u1ee5ng v\u1eb1n (G\u1ea7n \u0111\u1eb7c h\u1eefu), Chim s\u1ebb \u0111u\u00f4i xanh (G\u1ea7n \u0111\u1eb7c h\u1eefu), G\u00e0 g\u00f4 B\u1eafc B\u1ed9 (\u0111\u1eb7c h\u1eefu &#8211; Ph\u00e2n lo\u00e0i), Chim s\u1ebb h\u1ecdng \u0111\u1ecf, Chim h\u00e9t Siberia, Chim h\u00e9t \u0111\u1ea7u cam, Chim h\u00e9t Nh\u1eadt B\u1ea3n, \u0110\u1edbp ru\u1ed3i \u0111u\u00f4i tr\u1eafng , Ph\u00fac Ki\u1ebfn Niltava, Robin \u0111u\u00f4i hung,\u2026v\u00e0 nhi\u1ec1u lo\u00e0i kh\u00e1c.<\/p>\n<p style=\"text-align: justify;\">C\u00e1c lo\u00e0i chim d\u1ef1 ki\u1ebfn \u200b\u200bc\u00f3 t\u1ea1i \u0110\u01b0\u1eddng m\u00f2n ng\u1eafm chim C\u00fac Ph\u01b0\u01a1ng: Pied Falconet, Sultan Tit, Kh\u01b0\u1edbu \u0111\u00e1 v\u00f4i m\u00e0u x\u00e1m, H\u00fat m\u1eadt \u0111u\u00f4i n\u0129a, Ch\u00e0o m\u00e0o, \u0110\u1edbp ru\u1ed3i, Ch\u00edch,\u2026v\u00e0 nhi\u1ec1u lo\u00e0i kh\u00e1c.<\/p>\n<hr \/>\n<h3 style=\"text-align: justify;\">Ng\u00e0y 4: V\u01b0\u1eddn qu\u1ed1c gia C\u00fac Ph\u01b0\u01a1ng &#8211; Xu\u00e2n Th\u1ee7y<\/h3>\n<p style=\"text-align: justify;\">Sau khi ng\u1eafm chim v\u00e0o s\u00e1ng s\u1edbm t\u1ea1i V\u01b0\u1eddn qu\u1ed1c gia C\u00fac Ph\u01b0\u01a1ng, ch\u00fang ta s\u1ebd di chuy\u1ec3n \u0111\u1ebfn V\u01b0\u1eddn qu\u00f3c gia Xu\u00e2n Th\u1ee7y<\/p>\n<hr \/>\n<h3 style=\"text-align: justify;\">Ng\u00e0y 5: V\u01b0\u1eddn qu\u1ed1c gia Xu\u00e2n Th\u1ee7y &#8211; V\u01b0\u1eddn qu\u1ed1c gia Tam \u0110\u1ea3o<\/h3>\n<hr \/>\n<h3 style=\"text-align: justify;\">Ng\u00e0y 6-7: V\u01b0\u1eddn qu\u1ed1c gia Tam \u0110\u1ea3o<\/h3>\n<p style=\"text-align: justify;\">.<\/p>\n<hr \/>\n<h3 style=\"text-align: justify;\">Ng\u00e0y 8: V\u01b0\u1eddn qu\u1ed1c gia Tam \u0110\u1ea3o \u2013 S\u00e2n bay N\u1ed9i B\u00e0i, H\u00e0 N\u1ed9i (Chuy\u1ebfn bay kh\u1edfi h\u00e0nh)<\/h3>\n<p style=\"text-align: justify;\">Sau m\u1ed9t s\u1ed1 chuy\u1ebfn ng\u1eafm chim cu\u1ed1i c\u00f9ng t\u1ea1i V\u01b0\u1eddn qu\u1ed1c gia Phia O\u1eafc-Phia \u0110\u00e9n tr\u01b0\u1edbc khi \u0111\u1ebfn s\u00e2n bay N\u1ed9i B\u00e0i, H\u00e0 N\u1ed9i \u0111\u1ec3 kh\u1edfi h\u00e0nh.<\/p>\n<p style=\"text-align: justify;\"><div class=\"row\"  id=\"row-1371833765\">\n\n\n\t<div id=\"col-1960840841\" class=\"col small-12 large-12\"  >\n\t\t\t\t<div class=\"col-inner\"  >\n\t\t\t\n\t\t\t\n\n\t<div id=\"gap-1387036612\" class=\"gap-element clearfix\" style=\"display:block; height:auto;\">\n\t\t\n<style>\n#gap-1387036612 {\n  padding-top: 15px;\n}\n<\/style>\n\t<\/div>\n\t\n\n<a href=\"\/lien-he\" target=\"_self\" class=\"button primary is-large btnSlideRead\"  style=\"border-radius:99px;\">\n    <span>\u0110\u1eb6T TOUR NGAY<\/span>\n  <\/a>\n\n\n\t<div id=\"gap-1400786712\" class=\"gap-element clearfix\" style=\"display:block; height:auto;\">\n\t\t\n<style>\n#gap-1400786712 {\n  padding-top: 10px;\n}\n<\/style>\n\t<\/div>\n\t\n\n\n\t\t<\/div>\n\t\t\t\t\t<\/div>\n\n\t\n\n<\/div>\n<p style=\"text-align: justify;\">\n","protected":false},"excerpt":{"rendered":"<ul>\n<li style=\"text-align: justify;\"><b>K\u00edch th\u01b0\u1edbc nh\u00f3m t\u1ed1t nh\u1ea5t:<\/b> 6<\/li>\n<li style=\"text-align: justify;\"><b>\u0110i\u1ec3m b\u1eaft \u0111\u1ea7u:<\/b> H\u00e0 N\u1ed9i<\/li>\n<li style=\"text-align: justify;\"><b>\u0110i\u1ec3m k\u1ebft th\u00fac:<\/b>H\u00e0 N\u1ed9i<\/li>\n<li style=\"text-align: justify;\"><b>\u0110i\u1ec3m \u0111\u1ebfn:<\/b> H\u00e0 N\u1ed9i \u2013 V\u01b0\u1eddn Qu\u1ed1c gia C\u00fac Ph\u01b0\u01a1ng \u2013 V\u01b0\u1eddn qu\u1ed1c gia Xu\u00e2n Thuy &#8211; V\u01b0\u1eddn qu\u1ed1c gia Tam \u0110\u1ea3o \u2013 H\u00e0 N\u1ed9i<\/li>\n<\/ul>\n","protected":false},"featured_media":1275,"template":"","meta":[],"product_cat":[48,49,57],"product_tag":[],"class_list":{"0":"post-1118","1":"product","2":"type-product","3":"status-publish","4":"has-post-thumbnail","6":"product_cat-tours-yeu-cau","7":"product_cat-dich-vu-du-lich","8":"product_cat-tours-chup-anh","10":"first","11":"instock","12":"shipping-taxable","13":"product-type-simple"},"acf":[],"yoast_head":"<!-- This site is optimized with the Yoast SEO plugin v21.7 - https:\/\/yoast.com\/wordpress\/plugins\/seo\/ -->\n<title>Tour ch\u1ee5p \u1ea3nh chim - Mi\u1ec1n B\u1eafc Vi\u1ec7t Nam (8 ng\u00e0y) - VIETNAM WILDLIFE TOURS<\/title>\n<meta name=\"robots\" content=\"index, follow, max-snippet:-1, max-image-preview:large, max-video-preview:-1\" \/>\n<link rel=\"canonical\" href=\"https:\/\/www.vietnamwildlifetours.com.vn\/vi\/tours-chup-anh\/tour-chup-anh-chim-mien-bac-viet-nam-8-ngay\/\" \/>\n<meta property=\"og:locale\" content=\"vi_VN\" \/>\n<meta property=\"og:type\" content=\"article\" \/>\n<meta property=\"og:title\" content=\"Tour ch\u1ee5p \u1ea3nh chim - Mi\u1ec1n B\u1eafc Vi\u1ec7t Nam (8 ng\u00e0y) - VIETNAM WILDLIFE TOURS\" \/>\n<meta property=\"og:description\" content=\"K\u00edch th\u01b0\u1edbc nh\u00f3m t\u1ed1t nh\u1ea5t: 6  \u0110i\u1ec3m b\u1eaft \u0111\u1ea7u: H\u00e0 N\u1ed9i  \u0110i\u1ec3m k\u1ebft th\u00fac:H\u00e0 N\u1ed9i  \u0110i\u1ec3m \u0111\u1ebfn: H\u00e0 N\u1ed9i \u2013 V\u01b0\u1eddn Qu\u1ed1c gia C\u00fac Ph\u01b0\u01a1ng \u2013 V\u01b0\u1eddn qu\u1ed1c gia Xu\u00e2n Thuy - V\u01b0\u1eddn qu\u1ed1c gia Tam \u0110\u1ea3o \u2013 H\u00e0 N\u1ed9i\" \/>\n<meta property=\"og:url\" content=\"https:\/\/www.vietnamwildlifetours.com.vn\/vi\/tours-chup-anh\/tour-chup-anh-chim-mien-bac-viet-nam-8-ngay\/\" \/>\n<meta property=\"og:site_name\" content=\"VIETNAM WILDLIFE TOURS\" \/>\n<meta property=\"article:modified_time\" content=\"2024-09-19T17:27:06+00:00\" \/>\n<meta property=\"og:image\" content=\"https:\/\/www.vietnamwildlifetours.com.vn\/wp-content\/uploads\/2024\/09\/Blue-Rumped-Pitta-scaled.jpg\" \/>\n\t<meta property=\"og:image:width\" content=\"2560\" \/>\n\t<meta property=\"og:image:height\" content=\"1829\" \/>\n\t<meta property=\"og:image:type\" content=\"image\/jpeg\" \/>\n<meta name=\"twitter:card\" content=\"summary_large_image\" \/>\n<meta name=\"twitter:label1\" content=\"Est. reading time\" \/>\n\t<meta name=\"twitter:data1\" content=\"2 minutes\" \/>\n<script type=\"application\/ld+json\" class=\"yoast-schema-graph\">{\"@context\":\"https:\/\/schema.org\",\"@graph\":[{\"@type\":\"WebPage\",\"@id\":\"https:\/\/www.vietnamwildlifetours.com.vn\/vi\/tours-chup-anh\/tour-chup-anh-chim-mien-bac-viet-nam-8-ngay\/\",\"url\":\"https:\/\/www.vietnamwildlifetours.com.vn\/vi\/tours-chup-anh\/tour-chup-anh-chim-mien-bac-viet-nam-8-ngay\/\",\"name\":\"Tour ch\u1ee5p \u1ea3nh chim - Mi\u1ec1n B\u1eafc Vi\u1ec7t Nam (8 ng\u00e0y) - VIETNAM WILDLIFE TOURS\",\"isPartOf\":{\"@id\":\"https:\/\/www.vietnamwildlifetours.com.vn\/#website\"},\"datePublished\":\"2024-08-23T09:01:13+00:00\",\"dateModified\":\"2024-09-19T17:27:06+00:00\",\"breadcrumb\":{\"@id\":\"https:\/\/www.vietnamwildlifetours.com.vn\/vi\/tours-chup-anh\/tour-chup-anh-chim-mien-bac-viet-nam-8-ngay\/#breadcrumb\"},\"inLanguage\":\"vi-VN\",\"potentialAction\":[{\"@type\":\"ReadAction\",\"target\":[\"https:\/\/www.vietnamwildlifetours.com.vn\/vi\/tours-chup-anh\/tour-chup-anh-chim-mien-bac-viet-nam-8-ngay\/\"]}]},{\"@type\":\"BreadcrumbList\",\"@id\":\"https:\/\/www.vietnamwildlifetours.com.vn\/vi\/tours-chup-anh\/tour-chup-anh-chim-mien-bac-viet-nam-8-ngay\/#breadcrumb\",\"itemListElement\":[{\"@type\":\"ListItem\",\"position\":1,\"name\":\"Trang ch\u1ee7\",\"item\":\"https:\/\/www.vietnamwildlifetours.com.vn\/vi\/\"},{\"@type\":\"ListItem\",\"position\":2,\"name\":\"Products\",\"item\":\"https:\/\/www.vietnamwildlifetours.com.vn\/shop\/\"},{\"@type\":\"ListItem\",\"position\":3,\"name\":\"Tour ch\u1ee5p \u1ea3nh chim &#8211; Mi\u1ec1n B\u1eafc Vi\u1ec7t Nam (8 ng\u00e0y)\"}]},{\"@type\":\"WebSite\",\"@id\":\"https:\/\/www.vietnamwildlifetours.com.vn\/#website\",\"url\":\"https:\/\/www.vietnamwildlifetours.com.vn\/\",\"name\":\"VIETNAM WILDLIFE TOURS\",\"description\":\"\",\"potentialAction\":[{\"@type\":\"SearchAction\",\"target\":{\"@type\":\"EntryPoint\",\"urlTemplate\":\"https:\/\/www.vietnamwildlifetours.com.vn\/?s={search_term_string}\"},\"query-input\":\"required name=search_term_string\"}],\"inLanguage\":\"vi-VN\"}]}<\/script>\n<!-- \/ Yoast SEO plugin. -->","yoast_head_json":{"title":"Tour ch\u1ee5p \u1ea3nh chim - Mi\u1ec1n B\u1eafc Vi\u1ec7t Nam (8 ng\u00e0y) - VIETNAM WILDLIFE TOURS","robots":{"index":"index","follow":"follow","max-snippet":"max-snippet:-1","max-image-preview":"max-image-preview:large","max-video-preview":"max-video-preview:-1"},"canonical":"https:\/\/www.vietnamwildlifetours.com.vn\/vi\/tours-chup-anh\/tour-chup-anh-chim-mien-bac-viet-nam-8-ngay\/","og_locale":"vi_VN","og_type":"article","og_title":"Tour ch\u1ee5p \u1ea3nh chim - Mi\u1ec1n B\u1eafc Vi\u1ec7t Nam (8 ng\u00e0y) - VIETNAM WILDLIFE TOURS","og_description":"K\u00edch th\u01b0\u1edbc nh\u00f3m t\u1ed1t nh\u1ea5t: 6  \u0110i\u1ec3m b\u1eaft \u0111\u1ea7u: H\u00e0 N\u1ed9i  \u0110i\u1ec3m k\u1ebft th\u00fac:H\u00e0 N\u1ed9i  \u0110i\u1ec3m \u0111\u1ebfn: H\u00e0 N\u1ed9i \u2013 V\u01b0\u1eddn Qu\u1ed1c gia C\u00fac Ph\u01b0\u01a1ng \u2013 V\u01b0\u1eddn qu\u1ed1c gia Xu\u00e2n Thuy - V\u01b0\u1eddn qu\u1ed1c gia Tam \u0110\u1ea3o \u2013 H\u00e0 N\u1ed9i","og_url":"https:\/\/www.vietnamwildlifetours.com.vn\/vi\/tours-chup-anh\/tour-chup-anh-chim-mien-bac-viet-nam-8-ngay\/","og_site_name":"VIETNAM WILDLIFE TOURS","article_modified_time":"2024-09-19T17:27:06+00:00","og_image":[{"width":2560,"height":1829,"url":"https:\/\/www.vietnamwildlifetours.com.vn\/wp-content\/uploads\/2024\/09\/Blue-Rumped-Pitta-scaled.jpg","type":"image\/jpeg"}],"twitter_card":"summary_large_image","twitter_misc":{"Est. reading time":"2 minutes"},"schema":{"@context":"https:\/\/schema.org","@graph":[{"@type":"WebPage","@id":"https:\/\/www.vietnamwildlifetours.com.vn\/vi\/tours-chup-anh\/tour-chup-anh-chim-mien-bac-viet-nam-8-ngay\/","url":"https:\/\/www.vietnamwildlifetours.com.vn\/vi\/tours-chup-anh\/tour-chup-anh-chim-mien-bac-viet-nam-8-ngay\/","name":"Tour ch\u1ee5p \u1ea3nh chim - Mi\u1ec1n B\u1eafc Vi\u1ec7t Nam (8 ng\u00e0y) - VIETNAM WILDLIFE TOURS","isPartOf":{"@id":"https:\/\/www.vietnamwildlifetours.com.vn\/#website"},"datePublished":"2024-08-23T09:01:13+00:00","dateModified":"2024-09-19T17:27:06+00:00","breadcrumb":{"@id":"https:\/\/www.vietnamwildlifetours.com.vn\/vi\/tours-chup-anh\/tour-chup-anh-chim-mien-bac-viet-nam-8-ngay\/#breadcrumb"},"inLanguage":"vi-VN","potentialAction":[{"@type":"ReadAction","target":["https:\/\/www.vietnamwildlifetours.com.vn\/vi\/tours-chup-anh\/tour-chup-anh-chim-mien-bac-viet-nam-8-ngay\/"]}]},{"@type":"BreadcrumbList","@id":"https:\/\/www.vietnamwildlifetours.com.vn\/vi\/tours-chup-anh\/tour-chup-anh-chim-mien-bac-viet-nam-8-ngay\/#breadcrumb","itemListElement":[{"@type":"ListItem","position":1,"name":"Trang ch\u1ee7","item":"https:\/\/www.vietnamwildlifetours.com.vn\/vi\/"},{"@type":"ListItem","position":2,"name":"Products","item":"https:\/\/www.vietnamwildlifetours.com.vn\/shop\/"},{"@type":"ListItem","position":3,"name":"Tour ch\u1ee5p \u1ea3nh chim &#8211; Mi\u1ec1n B\u1eafc Vi\u1ec7t Nam (8 ng\u00e0y)"}]},{"@type":"WebSite","@id":"https:\/\/www.vietnamwildlifetours.com.vn\/#website","url":"https:\/\/www.vietnamwildlifetours.com.vn\/","name":"VIETNAM WILDLIFE TOURS","description":"","potentialAction":[{"@type":"SearchAction","target":{"@type":"EntryPoint","urlTemplate":"https:\/\/www.vietnamwildlifetours.com.vn\/?s={search_term_string}"},"query-input":"required name=search_term_string"}],"inLanguage":"vi-VN"}]}},"_links":{"self":[{"href":"https:\/\/www.vietnamwildlifetours.com.vn\/vi\/wp-json\/wp\/v2\/product\/1118","targetHints":{"allow":["GET"]}}],"collection":[{"href":"https:\/\/www.vietnamwildlifetours.com.vn\/vi\/wp-json\/wp\/v2\/product"}],"about":[{"href":"https:\/\/www.vietnamwildlifetours.com.vn\/vi\/wp-json\/wp\/v2\/types\/product"}],"wp:featuredmedia":[{"embeddable":true,"href":"https:\/\/www.vietnamwildlifetours.com.vn\/vi\/wp-json\/wp\/v2\/media\/1275"}],"wp:attachment":[{"href":"https:\/\/www.vietnamwildlifetours.com.vn\/vi\/wp-json\/wp\/v2\/media?parent=1118"}],"wp:term":[{"taxonomy":"product_cat","embeddable":true,"href":"https:\/\/www.vietnamwildlifetours.com.vn\/vi\/wp-json\/wp\/v2\/product_cat?post=1118"},{"taxonomy":"product_tag","embeddable":true,"href":"https:\/\/www.vietnamwildlifetours.com.vn\/vi\/wp-json\/wp\/v2\/product_tag?post=1118"}],"curies":[{"name":"wp","href":"https:\/\/api.w.org\/{rel}","templated":true}]}}