
{"id":1116,"date":"2024-08-23T02:37:59","date_gmt":"2024-08-23T02:37:59","guid":{"rendered":"https:\/\/vietnamwildlifetours.tamnghiathemes.com\/?post_type=product&#038;p=1116"},"modified":"2024-09-19T16:57:10","modified_gmt":"2024-09-19T16:57:10","slug":"tour-xem-chup-anh-chim-14-ngay","status":"publish","type":"product","link":"https:\/\/www.vietnamwildlifetours.com.vn\/vi\/tours-chup-anh\/tour-xem-chup-anh-chim-14-ngay\/","title":{"rendered":"Tour ch\u1ee5p \u1ea3nh chim 14 ng\u00e0y"},"content":{"rendered":"<h3 style=\"text-align: justify;\">Ng\u00e0y 1: H\u00e0 N\u1ed9i &#8211; V\u01b0\u1eddn qu\u1ed1c gia C\u00fac Ph\u01b0\u01a1ng<\/h3>\n<p style=\"text-align: justify;\">Ch\u00e0o m\u1eebng \u0111\u1ebfn v\u1edbi VIETNAM WILDLIFE TOURS! Ch\u00fang t\u00f4i s\u1ebd \u0111\u00f3n v\u00e0 \u0111\u00f3n b\u1ea1n t\u1ea1i s\u00e2n bay N\u1ed9i B\u00e0i ho\u1eb7c kh\u00e1ch s\u1ea1n c\u1ee7a b\u1ea1n t\u1ea1i Th\u1ee7 \u0111\u00f4 H\u00e0 N\u1ed9i. B\u1ea1n s\u1ebd \u0111\u01b0\u1ee3c \u0111\u01b0a \u0111\u1ebfn V\u01b0\u1eddn qu\u1ed1c gia C\u00fac Ph\u01b0\u01a1ng \u0111\u1ec3 \u0111\u1ebfn m\u1ee5c ti\u00eau \u0111\u1ea7u ti\u00ean c\u1ee7a ch\u00fang t\u00f4i l\u00e0 lo\u00e0i chim pitta c\u1ee7a Vi\u1ec7t Nam. Ch\u00fang t\u00f4i s\u1ebd \u0111\u1ebfn k\u1ecbp \u0111\u1ec3 kh\u00e1m ph\u00e1 c\u00f4ng vi\u00ean tuy\u1ec7t v\u1eddi n\u00e0y v\u00e0 d\u00f9ng b\u1eefa t\u1ed1i ch\u00e0o m\u1eebng v\u00e0o bu\u1ed5i t\u1ed1i. \u0110\u00eam t\u1ea1i C\u00fac Ph\u01b0\u01a1ng.<\/p>\n<hr \/>\n<h3 style=\"text-align: justify;\">Ng\u00e0y 2: V\u01b0\u1eddn qu\u1ed1c gia C\u00fac Ph\u01b0\u01a1ng<\/h3>\n<p style=\"text-align: justify;\">Ch\u00fang t\u00f4i s\u1ebd c\u00f3 m\u1ed9t ng\u00e0y tr\u1ecdn v\u1eb9n cho m\u1ee5c ti\u00eau ch\u00ednh c\u1ee7a ch\u00fang t\u00f4i l\u00e0 lo\u00e0i chim pitta tuy\u1ec7t \u0111\u1eb9p &#8220;Bar-bellied Pitta&#8221; v\u00e0 &#8220;Blue-rumped Pitta&#8221;. N\u1ebfu th\u1ef1c s\u1ef1 may m\u1eafn, ch\u00fang t\u00f4i s\u1ebd c\u00f3 c\u01a1 h\u1ed9i b\u1eaft \u0111\u01b0\u1ee3c lo\u00e0i chim &#8220;Eared Pitta&#8221; qu\u00fd hi\u1ebfm nh\u1ea5t. Ch\u00fang t\u00f4i s\u1ebd th\u1eed v\u1eadn \u200b\u200bmay c\u1ee7a m\u00ecnh v\u1edbi m\u1ed9t s\u1ed1 lo\u00e0i chim \u0111\u1eb9p kh\u00e1c trong c\u00f4ng vi\u00ean n\u00e0y bao g\u1ed3m c\u00e1c ph\u00e2n lo\u00e0i \u0111\u1eb7c h\u1eefu &#8220;Tonkin Partridge&#8221;, &#8220;Limestone Wren Babbler&#8221; v\u00e0 &#8220;Fork-tailed Sunbird&#8221;.<\/p>\n<p style=\"text-align: justify;\">C\u00e1c lo\u00e0i chim kh\u00e1c d\u1ef1 ki\u1ebfn: Chim g\u00f4 B\u1eafc K\u1ef3 (Lo\u00e0i \u0111\u1eb7c h\u1eefu &#8211; Ph\u00e2n lo\u00e0i), Rufous-throated Fulvetta, Siberian Thrush, Orange-headed Thrush, Japanese Thrush, White-tailed Flycatcher, Fujian Niltava, Rufous-tailed Robin, Pied Falconet, Sultan Tit, Greyish Limestone-babbler, Fork-tailed Sunbird, bulbul, flycatcher, warbler,\u2026v\u00e0 nhi\u1ec1u lo\u00e0i kh\u00e1c.<\/p>\n<hr \/>\n<h3 style=\"text-align: justify;\">Ng\u00e0y 3: V\u01b0\u1eddn qu\u1ed1c gia C\u00fac Ph\u01b0\u01a1ng \u2013 V\u01b0\u1eddn qu\u1ed1c gia Xu\u00e2n Th\u1ee7y<\/h3>\n<p style=\"text-align: justify;\">Sau khi ng\u1eafm chim v\u00e0o s\u00e1ng s\u1edbm t\u1ea1i V\u01b0\u1eddn qu\u1ed1c gia C\u00fac Ph\u01b0\u01a1ng, ch\u00fang ta s\u1ebd kh\u1edfi h\u00e0nh cho chuy\u1ebfn \u0111i d\u00e0i \u0111\u1ebfn V\u01b0\u1eddn qu\u1ed1c gia Xu\u00e2n Th\u1ee7y t\u1ec9nh Nam \u0110\u1ecbnh m\u1ee5c ti\u00eau l\u00e0 c\u00e1c lo\u00e0i c\u00f2 th\u00eca,<\/p>\n<hr \/>\n<h3 style=\"text-align: justify;\">Ng\u00e0y 4: V\u01b0\u1eddn qu\u1ed1c gia Xu\u00e2n Th\u1ee7y &#8211; Tam Dao National Park<\/h3>\n<p>Sau khi \u0103n s\u00e1ng ch\u00fang ta ti\u1ebfp t\u1ee5c quan s\u00e1t v\u00e0 ch\u1ee5p \u1ea3nh chim t\u1ea1i Xu\u00e2n Th\u1ee7y, Sau \u0103n tr\u01b0a, ch\u00fang ta di chuy\u1ec3n \u0111\u1ebfn V\u01b0\u1eddn qu\u1ed1c gia Tam \u0110\u1ea3o.<\/p>\n<hr \/>\n<h3>Ng\u00e0y 5: C\u1ea3 ng\u00e0y t\u1ea1i V\u01b0\u1eddn qu\u1ed1c gia Tam \u0110\u1ea3o<\/h3>\n<hr \/>\n<h3 style=\"text-align: justify;\">Ng\u00e0y 6: V\u01b0\u1eddn qu\u1ed1c gia Tam Dao \u2013 S\u00e2n bay N\u1ed9i B\u00e0i, H\u00e0 N\u1ed9i \u2013 Th\u00e0nh ph\u1ed1 \u0110\u00e0 L\u1ea1t<\/h3>\n<p style=\"text-align: justify;\">Sau m\u1ed9t s\u1ed1 ho\u1ea1t \u0111\u1ed9ng ng\u1eafm chim cu\u1ed1i c\u00f9ng t\u1ea1i V\u01b0\u1eddn qu\u1ed1c gia Tam Dao tr\u01b0\u1edbc khi \u0111\u1ebfn s\u00e2n bay N\u1ed9i B\u00e0i, H\u00e0 N\u1ed9i \u0111\u1ec3 bay n\u1ed9i \u0111\u1ecba \u0111\u1ebfn Th\u00e0nh ph\u1ed1 \u0110\u00e0 L\u1ea1t \u0111\u1ec3 \u0111\u1ebfn m\u1ee5c ti\u00eau ti\u1ebfp theo c\u1ee7a ch\u00fang t\u00f4i l\u00e0 chim pitta c\u1ee7a Vi\u1ec7t Nam. \u0110\u00eam t\u1ea1i Th\u00e0nh ph\u1ed1 \u0110\u00e0 L\u1ea1t.<\/p>\n<hr \/>\n<h3 style=\"text-align: justify;\">Ng\u00e0y 7-8: Cao nguy\u00ean \u0110\u00e0 L\u1ea1t<\/h3>\n<p style=\"text-align: justify;\">Ch\u00fang ta s\u1ebd c\u00f3 hai ng\u00e0y tr\u1ecdn v\u1eb9n \u0111\u1ec3 kh\u00e1m ph\u00e1 c\u00e1c \u0111\u1ecba \u0111i\u1ec3m ng\u1eafm chim v\u00e0 n\u01a1i \u1ea9n n\u00e1u c\u1ee7a chim tuy\u1ec7t v\u1eddi t\u1ea1i Cao nguy\u00ean \u0110\u00e0 L\u1ea1t v\u00ec m\u1ee5c ti\u00eau ch\u00ednh c\u1ee7a ch\u00fang ta s\u1ebd l\u00e0 lo\u00e0i &#8220;Pita g\u00e1y g\u1ec9&#8221; qu\u00fd hi\u1ebfm. N\u1ebfu th\u1eddi gian cho ph\u00e9p, ch\u00fang ta s\u1ebd th\u1eed v\u1eadn \u200b\u200bmay v\u1edbi m\u1ed9t s\u1ed1 lo\u00e0i chim \u0111\u1eb9p kh\u00e1c \u1edf \u0110\u00e0 L\u1ea1t bao g\u1ed3m chim h\u1ecda mi \u0110\u00e0 L\u1ea1t (\u0111\u1eb7c h\u1eefu), h\u1ecda mi c\u1ed5 v\u00f2ng (\u0111\u1eb7c h\u1eefu), h\u1ecda mi ng\u1ef1c cam (\u0111\u1eb7c h\u1eefu), chim fulvetta \u0111\u1ea7u \u0111en (\u0111\u1eb7c h\u1eefu), chim s\u1ebb xanh Vi\u1ec7t Nam (\u0111\u1eb7c h\u1eefu), chim cutia Vi\u1ec7t Nam (g\u1ea7n \u0111\u1eb7c h\u1eefu) v\u00e0 c\u00e1c lo\u00e0i \u0111\u1eb7c s\u1ea3n kh\u00e1c. \u0110\u00eam t\u1ea1i Th\u00e0nh ph\u1ed1 \u0110\u00e0 L\u1ea1t.<\/p>\n<p style=\"text-align: justify;\">C\u00e1c lo\u00e0i chim kh\u00e1c d\u1ef1 ki\u1ebfn: Kh\u01b0\u1edbu m\u00e0o l\u00f9n, Tesia b\u1ee5ng x\u00e1m, Kh\u01b0\u1edbu kh\u01b0\u1edbt ng\u1ef1c tr\u1eafng, Kh\u01b0\u1edbu m\u00e0o \u0111en (\u0111\u1eb7c h\u1eefu), Kh\u01b0\u1edbu kh\u01b0\u1edbt \u0110\u00f4ng D\u01b0\u01a1ng (G\u1ea7n \u0111\u1eb7c h\u1eefu), Kh\u01b0\u1edbu c\u1ed5 c\u1ed5 (\u0111\u1eb7c h\u1eefu), Kh\u01b0\u1edbu c\u1ed5 ng\u1ef1c cam (\u0111\u1eb7c h\u1eefu), Kh\u01b0\u1edbu tr\u1eafng &#8211; Kh\u01b0\u1edbu m\u00e1 m\u00e1 (G\u1ea7n \u0111\u1eb7c h\u1eefu), Kh\u01b0\u1edbu Siberia, Kh\u01b0\u1edbu \u0111\u1ea7u cam, \u0110\u1edbp ru\u1ed3i l\u00f4ng m\u00e0y, Niltava l\u1edbn, Kh\u01b0\u1edbu c\u00e1nh ng\u1eafn Langbian (G\u1ea7n \u0111\u1eb7c h\u1eefu &#8211; Ph\u00e2n lo\u00e0i), Kh\u01b0\u1edbu \u0111u\u00f4i \u0111\u1ed1m, Robin \u0111u\u00f4i tr\u1eafng, \u0110\u1edbp ru\u1ed3i l\u00f4ng m\u00e0y tuy\u1ebft, Ch\u00edch Kh\u01b0\u1edbu \u0110\u00f4ng D\u01b0\u01a1ng (G\u1ea7n \u0111\u1eb7c h\u1eefu), Ch\u00edch Kh\u01b0\u1edbu \u0110\u00e0 L\u1ea1t (\u0111\u1eb7c h\u1eefu), Chim v\u00e0ng anh m\u1ecf m\u1ea3nh, Ch\u00edch Mi\u1ebfn \u0110i\u1ec7n, B\u1ea1c m\u00e1 Langbian (\u0111\u1eb7c h\u1eefu &#8211; Ph\u00e2n lo\u00e0i),\u00a0Cutia Vi\u1ec7t Nam (\u0111\u1eb7c h\u1eefu), Nuthatch l\u1ed7 h\u1ea1t d\u1ebb, \u0110\u1edbp ru\u1ed3i Verditer, H\u00fat m\u1eadt Langbian (Lo\u00e0i \u0111\u1eb7c h\u1eefu &#8211; Ph\u00e2n lo\u00e0i), An Nam Sunbird (G\u1ea7n \u0111\u1eb7c h\u1eefu &#8211; Ph\u00e2n lo\u00e0i), Streaked Spiderhunter, Greenfinch Vi\u1ec7t Nam (Lo\u00e0i \u0111\u1eb7c h\u1eefu), Red Crossbill,\u2026v\u00e0 nhi\u1ec1u lo\u00e0i kh\u00e1c n\u1eefa.<\/p>\n<h3 style=\"text-align: justify;\">Ng\u00e0y 9: Cao nguy\u00ean \u0110\u00e0 L\u1ea1t \u2013 \u0110\u00e8o N\u00fai San (Di Linh)<\/h3>\n<p style=\"text-align: justify;\">Sau m\u1ed9t s\u1ed1 ho\u1ea1t \u0111\u1ed9ng ng\u1eafm chim cu\u1ed1i c\u00f9ng t\u1ea1i \u0110\u00e0 L\u1ea1t s\u00e1ng nay, ch\u00fang ta s\u1ebd l\u00e1i xe \u0111\u1ebfn Di Linh \u0111\u1ec3 \u0111\u1ebfn m\u1ee5c ti\u00eau ti\u1ebfp theo l\u00e0 lo\u00e0i pitta c\u1ee7a Vi\u1ec7t Nam. V\u00e0o bu\u1ed5i chi\u1ec1u, ch\u00fang ta s\u1ebd b\u1eaft \u0111\u1ea7u kh\u00e1m ph\u00e1 khu v\u1ef1c \u0110\u00e8o N\u00fai San. Ngh\u1ec9 \u0111\u00eam t\u1ea1i th\u1ecb tr\u1ea5n Di Linh.<\/p>\n<h3 style=\"text-align: justify;\">Ng\u00e0y 10: \u0110\u00e8o N\u00fai San (Di Linh)<\/h3>\n<p style=\"text-align: justify;\">H\u00f4m nay, ch\u00fang ta s\u1ebd c\u00f3 m\u1ed9t ng\u00e0y ng\u1eafm chim tr\u1ecdn v\u1eb9n t\u1ea1i \u0110\u00e8o N\u00fai San, m\u1ed9t con \u0111\u00e8o \u0111\u01b0\u1ee3c bao quanh b\u1edfi nh\u1eefng ng\u1ecdn \u0111\u1ed3i r\u1eebng h\u00f9ng v\u0129. M\u1ee5c ti\u00eau ch\u00ednh c\u1ee7a ch\u00fang ta s\u1ebd l\u00e0 lo\u00e0i &#8220;Blue Pitta&#8221; tuy\u1ec7t \u0111\u1eb9p, m\u1ed9t trong nh\u1eefng lo\u00e0i chim \u0111\u1eb9p nh\u1ea5t Vi\u1ec7t Nam v\u00e0 lo\u00e0i &#8220;Blue-rumped Pitta&#8221; nh\u00fat nh\u00e1t. N\u1ebfu th\u1eddi gian cho ph\u00e9p, ch\u00fang t\u00f4i s\u1ebd th\u1eed v\u1eadn \u200b\u200bmay c\u1ee7a m\u00ecnh v\u1edbi m\u1ed9t s\u1ed1 lo\u00e0i chim \u0111\u1eb9p kh\u00e1c trong khu v\u1ef1c n\u00e0y bao g\u1ed3m Chim \u00e1c l\u00e0 xanh \u0110\u00f4ng D\u01b0\u01a1ng, Chim h\u1ecda mi \u0111\u1ea7u \u0111en, Chim m\u1ecf r\u1ed9ng \u0111u\u00f4i d\u00e0i v\u00e0 Chim m\u1ecf r\u1ed9ng ng\u1ef1c b\u1ea1c. \u0110\u00eam t\u1ea1i th\u1ecb tr\u1ea5n Di Linh.<\/p>\n<p style=\"text-align: justify;\">C\u00e1c lo\u00e0i chim kh\u00e1c d\u1ef1 ki\u1ebfn:\u00a0Xi\u00eam Fireback, G\u00e0 g\u00f4 ch\u00e2n xanh, G\u00e0 l\u00f4i Germain (G\u1ea7n \u0111\u1eb7c h\u1eefu), Chim b\u00f3i c\u00e1 l\u00f9n ph\u01b0\u01a1ng \u0110\u00f4ng, Pitta m\u00f4ng xanh (G\u1ea7n \u0111\u1eb7c h\u1eefu), Pitta b\u1ee5ng s\u1ecdc (G\u1ea7n \u0111\u1eb7c h\u1eefu), Bulbul m\u00e0o \u0111en, Bulbul h\u1ecdng s\u1ecdc, Bulbul m\u1eaft x\u00e1m, Chim h\u1ecda mi c\u1ed5 ph\u1ed3ng, Chim h\u1ecda mi ng\u1ef1c v\u00e0ng, Chim h\u1ecda mi Abbott, Chim ch\u00edch ch\u00f2e m\u00f4ng tr\u1eafng, Chim b\u1eaft ru\u1ed3i xanh H\u1ea3i Nam, Chim b\u1eaft ru\u1ed3i xanh \u0110\u00f4ng D\u01b0\u01a1ng (t\u00e1ch t\u1eeb Chim b\u1eaft ru\u1ed3i xanh Tickell), Chim c\u00f4ng xanh, Trogon ng\u1ef1c cam, Chim b\u00f3i c\u00e1 s\u1ecdc, M\u1ecf r\u1ed9ng s\u1eabm, M\u1ecf r\u1ed9ng \u0111en v\u00e0 \u0111\u1ecf, M\u1ecf r\u1ed9ng s\u1ecdc, chim g\u00f5 ki\u1ebfn, chim m\u1eb7t tr\u1eddi,\u2026v\u00e0 nhi\u1ec1u lo\u00e0i kh\u00e1c n\u1eefa.Ng\u00e0y 11:\u00a0\u0110\u00e8o N\u00fai San (Di Linh)\u00a0\u2013 V\u01b0\u1eddn qu\u1ed1c gia C\u00e1t Ti\u00ean<\/p>\n<p style=\"text-align: justify;\">Sau m\u1ed9t s\u1ed1 ho\u1ea1t \u0111\u1ed9ng ng\u1eafm chim cu\u1ed1i c\u00f9ng t\u1ea1i \u0110\u00e8o N\u00fai San tr\u01b0\u1edbc khi l\u00e1i xe \u0111\u1ebfn V\u01b0\u1eddn qu\u1ed1c gia C\u00e1t Ti\u00ean, khu r\u1eebng nhi\u1ec7t \u0111\u1edbi \u0111\u1ea5t th\u1ea5p l\u1edbn nh\u1ea5t c\u00f2n l\u1ea1i \u1edf Vi\u1ec7t Nam. Ch\u00fang ta s\u1ebd \u0111\u1ebfn k\u1ecbp l\u00fac \u0111\u1ec3 b\u1eaft \u0111\u1ea7u kh\u00e1m ph\u00e1 c\u00f4ng vi\u00ean tuy\u1ec7t v\u1eddi n\u00e0y. \u0110\u00eam t\u1ea1i C\u00e1t Ti\u00ean.<\/p>\n<h3 style=\"text-align: justify;\">Ng\u00e0y 12-13: V\u01b0\u1eddn qu\u1ed1c gia C\u00e1t Ti\u00ean<\/h3>\n<p style=\"text-align: justify;\">Ch\u00fang ta s\u1ebd c\u00f3 hai ng\u00e0y tr\u1ecdn v\u1eb9n t\u1ea1i c\u00f4ng vi\u00ean tuy\u1ec7t v\u1eddi n\u00e0y. Ch\u00fang ta l\u1ea1i c\u00f3 c\u01a1 h\u1ed9i chi\u00eam ng\u01b0\u1ee1ng v\u1ebb \u0111\u1eb9p c\u1ee7a hai lo\u00e0i chim pitta m\u1ee5c ti\u00eau c\u1ee7a Vi\u1ec7t Nam, &#8220;Bar-bellied Pitta&#8221; v\u00e0 &#8220;Blue-rumped Pitta&#8221;. N\u1ebfu th\u1eddi gian cho ph\u00e9p, ch\u00fang ta s\u1ebd th\u1eed v\u1eadn \u200b\u200bmay c\u1ee7a m\u00ecnh v\u1edbi m\u1ed9t s\u1ed1 lo\u00e0i chim \u0111\u1eb9p kh\u00e1c trong c\u00f4ng vi\u00ean n\u00e0y bao g\u1ed3m B\u00f3i c\u00e1 l\u00f9n ph\u01b0\u01a1ng \u0110\u00f4ng, B\u00f3i c\u00e1 c\u00f3 d\u1ea3i, G\u00e0 l\u00f4i Germain, G\u00e0 r\u1eebng Xi\u00eam v\u00e0 G\u00e0 g\u00f4 c\u1ed5 cam qu\u00fd hi\u1ebfm (g\u1ea7n nh\u01b0 \u0111\u1eb7c h\u1eefu).<\/p>\n<p style=\"text-align: justify;\">C\u00e1c lo\u00e0i chim kh\u00e1c d\u1ef1 ki\u1ebfn:\u00a0Xi\u00eam Fireback, G\u00e0 g\u00f4 ch\u00e2n xanh, G\u00e0 l\u00f4i Germain (G\u1ea7n \u0111\u1eb7c h\u1eefu), Chim b\u00f3i c\u00e1 l\u00f9n ph\u01b0\u01a1ng \u0110\u00f4ng, Pitta m\u00f4ng xanh (G\u1ea7n \u0111\u1eb7c h\u1eefu), Pitta b\u1ee5ng s\u1ecdc (G\u1ea7n \u0111\u1eb7c h\u1eefu), Bulbul m\u00e0o \u0111en, Bulbul h\u1ecdng s\u1ecdc, Bulbul m\u1eaft x\u00e1m, Chim h\u1ecda mi c\u1ed5 ph\u1ed3ng, Chim h\u1ecda mi ng\u1ef1c v\u00e0ng, Chim h\u1ecda mi Abbott, Chim ch\u00edch ch\u00f2e m\u00f4ng tr\u1eafng, Chim b\u1eaft ru\u1ed3i xanh H\u1ea3i Nam, Chim b\u1eaft ru\u1ed3i xanh \u0110\u00f4ng D\u01b0\u01a1ng (t\u00e1ch t\u1eeb Chim b\u1eaft ru\u1ed3i xanh Tickell), Chim c\u00f4ng xanh, Trogon ng\u1ef1c cam, Chim b\u00f3i c\u00e1 s\u1ecdc, M\u1ecf r\u1ed9ng s\u1eabm, M\u1ecf r\u1ed9ng \u0111en v\u00e0 \u0111\u1ecf, M\u1ecf r\u1ed9ng s\u1ecdc, chim g\u00f5 ki\u1ebfn, chim m\u1eb7t tr\u1eddi,\u2026v\u00e0 nhi\u1ec1u lo\u00e0i kh\u00e1c n\u1eefa.<\/p>\n<h3 style=\"text-align: justify;\">Ng\u00e0y 14: V\u01b0\u1eddn qu\u1ed1c gia C\u00e1t Ti\u00ean \u2013 Th\u00e0nh ph\u1ed1 H\u1ed3 Ch\u00ed Minh<\/h3>\n<p style=\"text-align: justify;\">Sau m\u1ed9t s\u1ed1 ho\u1ea1t \u0111\u1ed9ng ng\u1eafm chim cu\u1ed1i c\u00f9ng t\u1ea1i V\u01b0\u1eddn qu\u1ed1c gia C\u00e1t Ti\u00ean tr\u01b0\u1edbc khi \u0111\u1ebfn s\u00e2n bay T\u00e2n S\u01a1n Nh\u1ea5t, Th\u00e0nh ph\u1ed1 H\u1ed3 Ch\u00ed Minh \u0111\u1ec3 kh\u1edfi h\u00e0nh.<\/p>\n<p style=\"text-align: justify;\"><div class=\"row\"  id=\"row-1068593982\">\n\n\n\t<div id=\"col-2113951682\" class=\"col small-12 large-12\"  >\n\t\t\t\t<div class=\"col-inner\"  >\n\t\t\t\n\t\t\t\n\n\t<div id=\"gap-841611791\" class=\"gap-element clearfix\" style=\"display:block; height:auto;\">\n\t\t\n<style>\n#gap-841611791 {\n  padding-top: 15px;\n}\n<\/style>\n\t<\/div>\n\t\n\n<a href=\"\/lien-he\" target=\"_self\" class=\"button primary is-large btnSlideRead\"  style=\"border-radius:99px;\">\n    <span>\u0110\u1eb6T TOUR NGAY<\/span>\n  <\/a>\n\n\n\t<div id=\"gap-413668991\" class=\"gap-element clearfix\" style=\"display:block; height:auto;\">\n\t\t\n<style>\n#gap-413668991 {\n  padding-top: 10px;\n}\n<\/style>\n\t<\/div>\n\t\n\n\n\t\t<\/div>\n\t\t\t\t\t<\/div>\n\n\t\n\n<\/div>\n","protected":false},"excerpt":{"rendered":"<p style=\"text-align: justify;\">Chuy\u1ebfn tham quan ch\u1ee5p \u1ea3nh chim &#8211; Pittas v\u00e0 \u0111\u1eb7c s\u1ea3n c\u1ee7a Vi\u1ec7t Nam (14 ng\u00e0y) \u0111\u1eb7c bi\u1ec7t t\u1eadp trung v\u00e0o Pittas v\u00e0 \u0111\u1eb7c s\u1ea3n c\u1ee7a Vi\u1ec7t Nam. Ch\u00fang t\u00f4i s\u1ebd d\u00e0nh 80% th\u1eddi gian t\u1ea1i n\u01a1i \u1ea9n n\u00e1u c\u1ee7a chim \u0111\u1ec3 b\u1ea1n c\u00f3 c\u01a1 h\u1ed9i ch\u1ee5p nh\u1eefng b\u1ee9c \u1ea3nh tuy\u1ec7t \u0111\u1eb9p v\u1ec1 lo\u00e0i chim Pitta v\u00e0 c\u00e1c \u0111\u1eb7c s\u1ea3n kh\u00e1c c\u1ee7a Vi\u1ec7t Nam. Ch\u00fang ta s\u1ebd d\u00e0nh 20% th\u1eddi gian \u0111\u1ec3 th\u1eed v\u1eadn \u200b\u200bmay tr\u00ean c\u00e1c tuy\u1ebfn \u0111\u01b0\u1eddng ng\u1eafm chim, ch\u00fang ta s\u1ebd \u0111i b\u1ed9 \u0111\u1ec3 t\u00ecm ki\u1ebfm nh\u1eefng lo\u00e0i chim kh\u00f4ng \u0111\u1ebfn m\u00e1ng \u0103n nh\u01b0 chim trogon, chim cu\u1ed1c, chim m\u1eb7t tr\u1eddi v\u00e0 nhi\u1ec1u lo\u00e0i chim nhi\u1ec7t \u0111\u1edbi c\u1ed5 \u0111i\u1ec3n kh\u00e1c.<\/p>\n<ul>\n<li style=\"text-align: justify;\"><b>K\u00edch th\u01b0\u1edbc nh\u00f3m t\u1ed1t nh\u1ea5t:\u00a0<\/b>6<\/li>\n<li style=\"text-align: justify;\"><b>\u0110i\u1ec3m b\u1eaft \u0111\u1ea7u:\u00a0<\/b>Th\u1ee7 \u0111\u00f4 H\u00e0 N\u1ed9i<\/li>\n<li style=\"text-align: justify;\"><b>\u0110i\u1ec3m k\u1ebft th\u00fac:\u00a0<\/b>Th\u00e0nh ph\u1ed1 H\u1ed3 Ch\u00ed Minh<\/li>\n<li style=\"text-align: justify;\"><b>\u0110i\u1ec3m \u0111\u1ebfn:\u00a0<\/b>Th\u1ee7 \u0111\u00f4 H\u00e0 N\u1ed9i \u2013 V\u01b0\u1eddn qu\u1ed1c gia C\u00fac Ph\u01b0\u01a1ng \u2013 V\u01b0\u1eddn qu\u1ed1c gia Xu\u00e2n Th\u1ee7y &#8211; V\u01b0\u1eddn qu\u1ed1c gia Tam \u0110\u1ea3o \u2013 Cao nguy\u00ean \u0110\u00e0 L\u1ea1t \u2013 \u0110\u00e8o N\u00fai San (Di Linh) \u2013 V\u01b0\u1eddn qu\u1ed1c gia C\u00e1t Ti\u00ean \u2013 Th\u00e0nh ph\u1ed1 H\u1ed3 Ch\u00ed Minh.<\/li>\n<\/ul>\n","protected":false},"featured_media":1387,"template":"","meta":[],"product_cat":[57,48,49],"product_tag":[],"class_list":{"0":"post-1116","1":"product","2":"type-product","3":"status-publish","4":"has-post-thumbnail","6":"product_cat-tours-chup-anh","7":"product_cat-tours-yeu-cau","8":"product_cat-dich-vu-du-lich","10":"first","11":"instock","12":"shipping-taxable","13":"product-type-simple"},"acf":[],"yoast_head":"<!-- This site is optimized with the Yoast SEO plugin v21.7 - https:\/\/yoast.com\/wordpress\/plugins\/seo\/ -->\n<title>Tour ch\u1ee5p \u1ea3nh chim 14 ng\u00e0y - VIETNAM WILDLIFE TOURS<\/title>\n<meta name=\"robots\" content=\"index, follow, max-snippet:-1, max-image-preview:large, max-video-preview:-1\" \/>\n<link rel=\"canonical\" href=\"https:\/\/www.vietnamwildlifetours.com.vn\/vi\/tours-chup-anh\/tour-xem-chup-anh-chim-14-ngay\/\" \/>\n<meta property=\"og:locale\" content=\"vi_VN\" \/>\n<meta property=\"og:type\" content=\"article\" \/>\n<meta property=\"og:title\" content=\"Tour ch\u1ee5p \u1ea3nh chim 14 ng\u00e0y - VIETNAM WILDLIFE TOURS\" \/>\n<meta property=\"og:description\" content=\"Chuy\u1ebfn tham quan ch\u1ee5p \u1ea3nh chim - Pittas v\u00e0 \u0111\u1eb7c s\u1ea3n c\u1ee7a Vi\u1ec7t Nam (14 ng\u00e0y) \u0111\u1eb7c bi\u1ec7t t\u1eadp trung v\u00e0o Pittas v\u00e0 \u0111\u1eb7c s\u1ea3n c\u1ee7a Vi\u1ec7t Nam. Ch\u00fang t\u00f4i s\u1ebd d\u00e0nh 80% th\u1eddi gian t\u1ea1i n\u01a1i \u1ea9n n\u00e1u c\u1ee7a chim \u0111\u1ec3 b\u1ea1n c\u00f3 c\u01a1 h\u1ed9i ch\u1ee5p nh\u1eefng b\u1ee9c \u1ea3nh tuy\u1ec7t \u0111\u1eb9p v\u1ec1 lo\u00e0i chim Pitta v\u00e0 c\u00e1c \u0111\u1eb7c s\u1ea3n kh\u00e1c c\u1ee7a Vi\u1ec7t Nam. Ch\u00fang ta s\u1ebd d\u00e0nh 20% th\u1eddi gian \u0111\u1ec3 th\u1eed v\u1eadn \u200b\u200bmay tr\u00ean c\u00e1c tuy\u1ebfn \u0111\u01b0\u1eddng ng\u1eafm chim, ch\u00fang ta s\u1ebd \u0111i b\u1ed9 \u0111\u1ec3 t\u00ecm ki\u1ebfm nh\u1eefng lo\u00e0i chim kh\u00f4ng \u0111\u1ebfn m\u00e1ng \u0103n nh\u01b0 chim trogon, chim cu\u1ed1c, chim m\u1eb7t tr\u1eddi v\u00e0 nhi\u1ec1u lo\u00e0i chim nhi\u1ec7t \u0111\u1edbi c\u1ed5 \u0111i\u1ec3n kh\u00e1c.    K\u00edch th\u01b0\u1edbc nh\u00f3m t\u1ed1t nh\u1ea5t:\u00a06  \u0110i\u1ec3m b\u1eaft \u0111\u1ea7u:\u00a0Th\u1ee7 \u0111\u00f4 H\u00e0 N\u1ed9i  \u0110i\u1ec3m k\u1ebft th\u00fac:\u00a0Th\u00e0nh ph\u1ed1 H\u1ed3 Ch\u00ed Minh  \u0110i\u1ec3m \u0111\u1ebfn:\u00a0Th\u1ee7 \u0111\u00f4 H\u00e0 N\u1ed9i \u2013 V\u01b0\u1eddn qu\u1ed1c gia C\u00fac Ph\u01b0\u01a1ng \u2013 V\u01b0\u1eddn qu\u1ed1c gia Xu\u00e2n Th\u1ee7y - V\u01b0\u1eddn qu\u1ed1c gia Tam \u0110\u1ea3o \u2013 Cao nguy\u00ean \u0110\u00e0 L\u1ea1t \u2013 \u0110\u00e8o N\u00fai San (Di Linh) \u2013 V\u01b0\u1eddn qu\u1ed1c gia C\u00e1t Ti\u00ean \u2013 Th\u00e0nh ph\u1ed1 H\u1ed3 Ch\u00ed Minh.\" \/>\n<meta property=\"og:url\" content=\"https:\/\/www.vietnamwildlifetours.com.vn\/vi\/tours-chup-anh\/tour-xem-chup-anh-chim-14-ngay\/\" \/>\n<meta property=\"og:site_name\" content=\"VIETNAM WILDLIFE TOURS\" \/>\n<meta property=\"article:modified_time\" content=\"2024-09-19T16:57:10+00:00\" \/>\n<meta property=\"og:image\" content=\"https:\/\/www.vietnamwildlifetours.com.vn\/wp-content\/uploads\/2024\/09\/Blue-pitta-1-1.jpg\" \/>\n\t<meta property=\"og:image:width\" content=\"656\" \/>\n\t<meta property=\"og:image:height\" content=\"389\" \/>\n\t<meta property=\"og:image:type\" content=\"image\/jpeg\" \/>\n<meta name=\"twitter:card\" content=\"summary_large_image\" \/>\n<meta name=\"twitter:label1\" content=\"Est. reading time\" \/>\n\t<meta name=\"twitter:data1\" content=\"6 minutes\" \/>\n<script type=\"application\/ld+json\" class=\"yoast-schema-graph\">{\"@context\":\"https:\/\/schema.org\",\"@graph\":[{\"@type\":\"WebPage\",\"@id\":\"https:\/\/www.vietnamwildlifetours.com.vn\/vi\/tours-chup-anh\/tour-xem-chup-anh-chim-14-ngay\/\",\"url\":\"https:\/\/www.vietnamwildlifetours.com.vn\/vi\/tours-chup-anh\/tour-xem-chup-anh-chim-14-ngay\/\",\"name\":\"Tour ch\u1ee5p \u1ea3nh chim 14 ng\u00e0y - VIETNAM WILDLIFE TOURS\",\"isPartOf\":{\"@id\":\"https:\/\/www.vietnamwildlifetours.com.vn\/#website\"},\"datePublished\":\"2024-08-23T02:37:59+00:00\",\"dateModified\":\"2024-09-19T16:57:10+00:00\",\"breadcrumb\":{\"@id\":\"https:\/\/www.vietnamwildlifetours.com.vn\/vi\/tours-chup-anh\/tour-xem-chup-anh-chim-14-ngay\/#breadcrumb\"},\"inLanguage\":\"vi-VN\",\"potentialAction\":[{\"@type\":\"ReadAction\",\"target\":[\"https:\/\/www.vietnamwildlifetours.com.vn\/vi\/tours-chup-anh\/tour-xem-chup-anh-chim-14-ngay\/\"]}]},{\"@type\":\"BreadcrumbList\",\"@id\":\"https:\/\/www.vietnamwildlifetours.com.vn\/vi\/tours-chup-anh\/tour-xem-chup-anh-chim-14-ngay\/#breadcrumb\",\"itemListElement\":[{\"@type\":\"ListItem\",\"position\":1,\"name\":\"Trang ch\u1ee7\",\"item\":\"https:\/\/www.vietnamwildlifetours.com.vn\/vi\/\"},{\"@type\":\"ListItem\",\"position\":2,\"name\":\"Products\",\"item\":\"https:\/\/www.vietnamwildlifetours.com.vn\/shop\/\"},{\"@type\":\"ListItem\",\"position\":3,\"name\":\"Tour ch\u1ee5p \u1ea3nh chim 14 ng\u00e0y\"}]},{\"@type\":\"WebSite\",\"@id\":\"https:\/\/www.vietnamwildlifetours.com.vn\/#website\",\"url\":\"https:\/\/www.vietnamwildlifetours.com.vn\/\",\"name\":\"VIETNAM WILDLIFE TOURS\",\"description\":\"\",\"potentialAction\":[{\"@type\":\"SearchAction\",\"target\":{\"@type\":\"EntryPoint\",\"urlTemplate\":\"https:\/\/www.vietnamwildlifetours.com.vn\/?s={search_term_string}\"},\"query-input\":\"required name=search_term_string\"}],\"inLanguage\":\"vi-VN\"}]}<\/script>\n<!-- \/ Yoast SEO plugin. -->","yoast_head_json":{"title":"Tour ch\u1ee5p \u1ea3nh chim 14 ng\u00e0y - VIETNAM WILDLIFE TOURS","robots":{"index":"index","follow":"follow","max-snippet":"max-snippet:-1","max-image-preview":"max-image-preview:large","max-video-preview":"max-video-preview:-1"},"canonical":"https:\/\/www.vietnamwildlifetours.com.vn\/vi\/tours-chup-anh\/tour-xem-chup-anh-chim-14-ngay\/","og_locale":"vi_VN","og_type":"article","og_title":"Tour ch\u1ee5p \u1ea3nh chim 14 ng\u00e0y - VIETNAM WILDLIFE TOURS","og_description":"Chuy\u1ebfn tham quan ch\u1ee5p \u1ea3nh chim - Pittas v\u00e0 \u0111\u1eb7c s\u1ea3n c\u1ee7a Vi\u1ec7t Nam (14 ng\u00e0y) \u0111\u1eb7c bi\u1ec7t t\u1eadp trung v\u00e0o Pittas v\u00e0 \u0111\u1eb7c s\u1ea3n c\u1ee7a Vi\u1ec7t Nam. Ch\u00fang t\u00f4i s\u1ebd d\u00e0nh 80% th\u1eddi gian t\u1ea1i n\u01a1i \u1ea9n n\u00e1u c\u1ee7a chim \u0111\u1ec3 b\u1ea1n c\u00f3 c\u01a1 h\u1ed9i ch\u1ee5p nh\u1eefng b\u1ee9c \u1ea3nh tuy\u1ec7t \u0111\u1eb9p v\u1ec1 lo\u00e0i chim Pitta v\u00e0 c\u00e1c \u0111\u1eb7c s\u1ea3n kh\u00e1c c\u1ee7a Vi\u1ec7t Nam. Ch\u00fang ta s\u1ebd d\u00e0nh 20% th\u1eddi gian \u0111\u1ec3 th\u1eed v\u1eadn \u200b\u200bmay tr\u00ean c\u00e1c tuy\u1ebfn \u0111\u01b0\u1eddng ng\u1eafm chim, ch\u00fang ta s\u1ebd \u0111i b\u1ed9 \u0111\u1ec3 t\u00ecm ki\u1ebfm nh\u1eefng lo\u00e0i chim kh\u00f4ng \u0111\u1ebfn m\u00e1ng \u0103n nh\u01b0 chim trogon, chim cu\u1ed1c, chim m\u1eb7t tr\u1eddi v\u00e0 nhi\u1ec1u lo\u00e0i chim nhi\u1ec7t \u0111\u1edbi c\u1ed5 \u0111i\u1ec3n kh\u00e1c.    K\u00edch th\u01b0\u1edbc nh\u00f3m t\u1ed1t nh\u1ea5t:\u00a06  \u0110i\u1ec3m b\u1eaft \u0111\u1ea7u:\u00a0Th\u1ee7 \u0111\u00f4 H\u00e0 N\u1ed9i  \u0110i\u1ec3m k\u1ebft th\u00fac:\u00a0Th\u00e0nh ph\u1ed1 H\u1ed3 Ch\u00ed Minh  \u0110i\u1ec3m \u0111\u1ebfn:\u00a0Th\u1ee7 \u0111\u00f4 H\u00e0 N\u1ed9i \u2013 V\u01b0\u1eddn qu\u1ed1c gia C\u00fac Ph\u01b0\u01a1ng \u2013 V\u01b0\u1eddn qu\u1ed1c gia Xu\u00e2n Th\u1ee7y - V\u01b0\u1eddn qu\u1ed1c gia Tam \u0110\u1ea3o \u2013 Cao nguy\u00ean \u0110\u00e0 L\u1ea1t \u2013 \u0110\u00e8o N\u00fai San (Di Linh) \u2013 V\u01b0\u1eddn qu\u1ed1c gia C\u00e1t Ti\u00ean \u2013 Th\u00e0nh ph\u1ed1 H\u1ed3 Ch\u00ed Minh.","og_url":"https:\/\/www.vietnamwildlifetours.com.vn\/vi\/tours-chup-anh\/tour-xem-chup-anh-chim-14-ngay\/","og_site_name":"VIETNAM WILDLIFE TOURS","article_modified_time":"2024-09-19T16:57:10+00:00","og_image":[{"width":656,"height":389,"url":"https:\/\/www.vietnamwildlifetours.com.vn\/wp-content\/uploads\/2024\/09\/Blue-pitta-1-1.jpg","type":"image\/jpeg"}],"twitter_card":"summary_large_image","twitter_misc":{"Est. reading time":"6 minutes"},"schema":{"@context":"https:\/\/schema.org","@graph":[{"@type":"WebPage","@id":"https:\/\/www.vietnamwildlifetours.com.vn\/vi\/tours-chup-anh\/tour-xem-chup-anh-chim-14-ngay\/","url":"https:\/\/www.vietnamwildlifetours.com.vn\/vi\/tours-chup-anh\/tour-xem-chup-anh-chim-14-ngay\/","name":"Tour ch\u1ee5p \u1ea3nh chim 14 ng\u00e0y - VIETNAM WILDLIFE TOURS","isPartOf":{"@id":"https:\/\/www.vietnamwildlifetours.com.vn\/#website"},"datePublished":"2024-08-23T02:37:59+00:00","dateModified":"2024-09-19T16:57:10+00:00","breadcrumb":{"@id":"https:\/\/www.vietnamwildlifetours.com.vn\/vi\/tours-chup-anh\/tour-xem-chup-anh-chim-14-ngay\/#breadcrumb"},"inLanguage":"vi-VN","potentialAction":[{"@type":"ReadAction","target":["https:\/\/www.vietnamwildlifetours.com.vn\/vi\/tours-chup-anh\/tour-xem-chup-anh-chim-14-ngay\/"]}]},{"@type":"BreadcrumbList","@id":"https:\/\/www.vietnamwildlifetours.com.vn\/vi\/tours-chup-anh\/tour-xem-chup-anh-chim-14-ngay\/#breadcrumb","itemListElement":[{"@type":"ListItem","position":1,"name":"Trang ch\u1ee7","item":"https:\/\/www.vietnamwildlifetours.com.vn\/vi\/"},{"@type":"ListItem","position":2,"name":"Products","item":"https:\/\/www.vietnamwildlifetours.com.vn\/shop\/"},{"@type":"ListItem","position":3,"name":"Tour ch\u1ee5p \u1ea3nh chim 14 ng\u00e0y"}]},{"@type":"WebSite","@id":"https:\/\/www.vietnamwildlifetours.com.vn\/#website","url":"https:\/\/www.vietnamwildlifetours.com.vn\/","name":"VIETNAM WILDLIFE TOURS","description":"","potentialAction":[{"@type":"SearchAction","target":{"@type":"EntryPoint","urlTemplate":"https:\/\/www.vietnamwildlifetours.com.vn\/?s={search_term_string}"},"query-input":"required name=search_term_string"}],"inLanguage":"vi-VN"}]}},"_links":{"self":[{"href":"https:\/\/www.vietnamwildlifetours.com.vn\/vi\/wp-json\/wp\/v2\/product\/1116","targetHints":{"allow":["GET"]}}],"collection":[{"href":"https:\/\/www.vietnamwildlifetours.com.vn\/vi\/wp-json\/wp\/v2\/product"}],"about":[{"href":"https:\/\/www.vietnamwildlifetours.com.vn\/vi\/wp-json\/wp\/v2\/types\/product"}],"wp:featuredmedia":[{"embeddable":true,"href":"https:\/\/www.vietnamwildlifetours.com.vn\/vi\/wp-json\/wp\/v2\/media\/1387"}],"wp:attachment":[{"href":"https:\/\/www.vietnamwildlifetours.com.vn\/vi\/wp-json\/wp\/v2\/media?parent=1116"}],"wp:term":[{"taxonomy":"product_cat","embeddable":true,"href":"https:\/\/www.vietnamwildlifetours.com.vn\/vi\/wp-json\/wp\/v2\/product_cat?post=1116"},{"taxonomy":"product_tag","embeddable":true,"href":"https:\/\/www.vietnamwildlifetours.com.vn\/vi\/wp-json\/wp\/v2\/product_tag?post=1116"}],"curies":[{"name":"wp","href":"https:\/\/api.w.org\/{rel}","templated":true}]}}