
{"id":775,"date":"2024-08-21T07:31:54","date_gmt":"2024-08-21T07:31:54","guid":{"rendered":"http:\/\/localhost:8080\/wp_vietnamwildlifetours\/?page_id=775"},"modified":"2024-08-29T07:45:39","modified_gmt":"2024-08-29T07:45:39","slug":"phan-hoi","status":"publish","type":"page","link":"https:\/\/www.vietnamwildlifetours.com.vn\/vi\/phan-hoi\/","title":{"rendered":"Ph\u1ea3n h\u1ed3i"},"content":{"rendered":"\n  <div class=\"banner has-hover\" id=\"banner-741774025\">\n          <div class=\"banner-inner fill\">\n        <div class=\"banner-bg fill\" >\n            <div class=\"bg fill bg-fill \"><\/div>\n                        <div class=\"overlay\"><\/div>            \n                    <\/div>\n\t\t\n        <div class=\"banner-layers container\">\n            <div class=\"fill banner-link\"><\/div>            \n   <div id=\"text-box-771319150\" class=\"text-box banner-layer x50 md-x50 lg-x50 y50 md-y50 lg-y50 res-text\">\n                                <div class=\"text-box-content text dark\">\n              \n              <div class=\"text-inner text-center\">\n                  \n<h1 class=\"uppercase\"><span style=\"font-size: 36px;\"><strong>PH\u1ea2N H\u1ed2I C\u1ee6A KH\u00c1CH H\u00c0NG<\/strong><\/span><\/h1>\n              <\/div>\n           <\/div>\n                            \n<style>\n#text-box-771319150 {\n  width: 60%;\n}\n#text-box-771319150 .text-box-content {\n  font-size: 100%;\n}\n<\/style>\n    <\/div>\n \n        <\/div>\n      <\/div>\n\n            \n<style>\n#banner-741774025 {\n  padding-top: 250px;\n}\n#banner-741774025 .bg.bg-loaded {\n  background-image: url(https:\/\/www.vietnamwildlifetours.com.vn\/wp-content\/uploads\/2024\/08\/bgk.jpg);\n}\n#banner-741774025 .overlay {\n  background-color: rgba(0,0,0,.5);\n}\n#banner-741774025 .ux-shape-divider--top svg {\n  height: 150px;\n  --divider-top-width: 100%;\n}\n#banner-741774025 .ux-shape-divider--bottom svg {\n  height: 150px;\n  --divider-width: 100%;\n}\n<\/style>\n  <\/div>\n\n\n\t<section class=\"section\" id=\"section_914513218\">\n\t\t<div class=\"bg section-bg fill bg-fill  bg-loaded\" >\n\n\t\t\t\n\t\t\t\n\t\t\t\n\n\t\t<\/div>\n\n\t\t\n\n\t\t<div class=\"section-content relative\">\n\t\t\t\n\t<div id=\"gap-661408363\" class=\"gap-element clearfix\" style=\"display:block; height:auto;\">\n\t\t\n<style>\n#gap-661408363 {\n  padding-top: 30px;\n}\n<\/style>\n\t<\/div>\n\t\n<div class=\"row\"  id=\"row-33920170\">\n\n\t<div id=\"col-1310579252\" class=\"col colTes small-12 large-12\"  >\n\t\t\t\t<div class=\"col-inner\"  >\n\t\t\t\n\t\t\t\n<h2><strong>K\u1ebf ho\u1ea1ch du l\u1ecbch c\u00e1 nh\u00e2n h\u00f3a tuy\u1ec7t v\u1eddi<\/strong><\/h2>\n<p style=\"text-align: justify;\">Ch\u00fang t\u00f4i \u0111ang k\u1ebft th\u00fac nh\u1eefng ng\u00e0y cu\u1ed1i c\u00f9ng c\u1ee7a k\u1ef3 ngh\u1ec9 10 ng\u00e0y c\u1ee7a c\u00e1c chuy\u1ebfn tham quan ng\u1eafm chim do VIETNAM WILDLIFE TOURS l\u00ean k\u1ebf ho\u1ea1ch. T\u00f4i mu\u1ed1n gi\u1edbi thi\u1ec7u c\u00f4ng ty n\u00e0y cho m\u1ecdi ng\u01b0\u1eddi. Anh B\u1ea3y \u0111\u00e3 ki\u00ean nh\u1eabn x\u00e2y d\u1ef1ng m\u1ed9t k\u1ebf ho\u1ea1ch du l\u1ecbch c\u00e1 nh\u00e2n h\u00f3a tuy\u1ec7t v\u1eddi. V\u00e0 khi c\u00f3 m\u1ed9t v\u1ea5n \u0111\u1ec1 nh\u1ecf x\u1ea3y ra (v\u00e0 v\u1ea5n \u0111\u1ec1 lu\u00f4n x\u1ea3y ra), anh B\u1ea3y \u0111\u00e3 \u1edf \u0111\u00f3 \u0111\u1ec3 \u0111\u1ea3m b\u1ea3o m\u1ecdi ph\u1ea7n trong chuy\u1ebfn \u0111i c\u1ee7a ch\u00fang t\u00f4i \u0111\u1ec1u v\u01b0\u1ee3t qu\u00e1 mong \u0111\u1ee3i c\u1ee7a ch\u00fang t\u00f4i.<\/p>\n<p>&#8211; C\u00f4 Helen v\u00e0 gia \u0111\u00ecnh \u2013 M\u1ef9<\/p>\n\t\t<\/div>\n\t\t\t\t\t<\/div>\n\n\t\n\n\t<div id=\"col-698560232\" class=\"col colTes small-12 large-12\"  >\n\t\t\t\t<div class=\"col-inner\"  >\n\t\t\t\n\t\t\t\n<h2 style=\"text-align: justify;\">C\u1ea3m \u01a1n b\u1ea1n r\u1ea5t nhi\u1ec1u v\u00ec \u0111\u00e3 bi\u1ebfn chuy\u1ebfn \u0111i c\u1ee7a ch\u00fang t\u00f4i th\u00e0nh m\u1ed9t chuy\u1ebfn \u0111i \u0111\u00e1ng nh\u1edb<\/h2>\n<p style=\"text-align: justify;\">Gia \u0111\u00ecnh t\u00f4i v\u00e0 t\u00f4i \u0111\u00e3 r\u1ea5t th\u00edch chuy\u1ebfn \u0111i Vi\u1ec7t Nam, n\u00f3 v\u01b0\u1ee3t qu\u00e1 mong \u0111\u1ee3i c\u1ee7a ch\u00fang t\u00f4i. Chuy\u1ebfn \u0111i \u0111\u01b0\u1ee3c t\u1ed5 ch\u1ee9c r\u1ea5t t\u1ed1t v\u00e0 ch\u00fang t\u00f4i ch\u1ec9 c\u1ea7n ng\u1ed3i l\u1ea1i, th\u01b0 gi\u00e3n v\u00e0 t\u1eadn h\u01b0\u1edfng. Ch\u00fang t\u00f4i th\u00edch m\u1ecdi th\u1ee9 \u1edf Vi\u1ec7t Nam, cho d\u00f9 \u0111\u00f3 l\u00e0 v\u0103n h\u00f3a, con ng\u01b0\u1eddi, \u1ea9m th\u1ef1c, th\u1eddi ti\u1ebft, v.v. C\u00e1c h\u01b0\u1edbng d\u1eabn vi\u00ean du l\u1ecbch \u1edf H\u00e0 N\u1ed9i v\u00e0 H\u1ed3 Ch\u00ed Minh \u0111\u1ec1u r\u1ea5t tuy\u1ec7t v\u1eddi, c\u00f3 ki\u1ebfn \u200b\u200bth\u1ee9c s\u00e2u r\u1ed9ng v\u1ec1 l\u1ecbch s\u1eed Vi\u1ec7t Nam v\u00e0 \u0111\u00e3 ch\u0103m s\u00f3c ch\u00fang t\u00f4i r\u1ea5t t\u1ed1t. T\u00f4i ch\u1eafc ch\u1eafn s\u1ebd gi\u1edbi thi\u1ec7u c\u00f4ng ty c\u1ee7a b\u1ea1n cho b\u1ea1n b\u00e8 c\u1ee7a t\u00f4i v\u00e0 s\u1eed d\u1ee5ng d\u1ecbch v\u1ee5 c\u1ee7a b\u1ea1n m\u1ed9t l\u1ea7n n\u1eefa n\u1ebfu ch\u00fang t\u00f4i \u0111\u1ebfn nh\u1eefng n\u01a1i kh\u00e1c c\u1ee7a Vi\u1ec7t Nam m\u1ed9t l\u1ea7n n\u1eefa.<\/p>\n<p style=\"text-align: justify;\">Cu\u1ed1i c\u00f9ng nh\u01b0ng kh\u00f4ng k\u00e9m ph\u1ea7n quan tr\u1ecdng, c\u1ea3m \u01a1n b\u1ea1n r\u1ea5t nhi\u1ec1u v\u00ec \u0111\u00e3 bi\u1ebfn chuy\u1ebfn \u0111i c\u1ee7a ch\u00fang t\u00f4i th\u00e0nh m\u1ed9t chuy\u1ebfn \u0111i \u0111\u00e1ng nh\u1edb<\/p>\n<p style=\"text-align: justify;\">&#8211; Bee Hwee v\u00e0 gia \u0111\u00ecnh \u2013 Singapore<\/p>\n\t\t<\/div>\n\t\t\t\t\t<\/div>\n\n\t\n\n\t<div id=\"col-1579847972\" class=\"col colTes small-12 large-12\"  >\n\t\t\t\t<div class=\"col-inner\"  >\n\t\t\t\n\t\t\t\n<h2>T\u00f4i v\u00e0 gia \u0111\u00ecnh r\u1ea5t vui<\/h2>\n<p>T\u00f4i v\u00e0 gia \u0111\u00ecnh r\u1ea5t vui v\u1edbi chuy\u1ebfn \u0111i n\u00e0y, h\u01b0\u1edbng d\u1eabn vi\u00ean Mr Bay r\u1ea5t am hi\u1ec3u v\u00e0 t\u00e0i x\u1ebf c\u0169ng r\u1ea5t c\u00f3 k\u1ef9 n\u0103ng!<\/p>\n<p>Nh\u00ecn chung, chuy\u1ebfn \u0111i \u0111\u1ebfn V\u01b0\u1eddn qu\u1ed1c gia Vi\u1ec7t Nam c\u1ee7a ch\u00fang t\u00f4i r\u1ea5t th\u00e0nh c\u00f4ng v\u00e0 ch\u00fang t\u00f4i mong mu\u1ed1n \u0111\u01b0\u1ee3c gh\u00e9 th\u0103m l\u1ea1i trong t\u01b0\u01a1ng lai g\u1ea7n.<\/p>\n<p>C\u1ea3m \u01a1n b\u1ea1n r\u1ea5t nhi\u1ec1u.<\/p>\n<p>&#8211; C\u00f4 Lisa v\u00e0 gia \u0111\u00ecnh \u2013 Ba Lan<\/p>\n\t\t<\/div>\n\t\t\t\t\t<\/div>\n\n\t\n\n\t<div id=\"col-82944505\" class=\"col colTes small-12 large-12\"  >\n\t\t\t\t<div class=\"col-inner\"  >\n\t\t\t\n\t\t\t\n<h2 style=\"text-align: justify;\">M\u1ed9t chuy\u1ebfn \u0111i \u0111\u00e1ng nh\u1edb nh\u1ea5t!<\/h2>\n<p style=\"text-align: justify;\">\u0110\u00e2y l\u00e0 m\u1ed9t chuy\u1ebfn \u0111i \u0111\u00e1ng nh\u1edb nh\u1ea5t! M\u1ecdi th\u1ee9 di\u1ec5n ra r\u1ea5t t\u1ed1t \u0111\u1eb9p nh\u1edd s\u1ef1 s\u1eafp x\u1ebfp c\u1ee7a b\u1ea1n. T\u00f4i ch\u1eafc ch\u1eafn s\u1ebd gi\u1edbi thi\u1ec7u b\u1ea1n v\u1edbi m\u1ecdi ng\u01b0\u1eddi m\u00e0 t\u00f4i c\u00f3 th\u1ec3 v\u00e0 t\u00ecm ki\u1ebfm nh\u1eefng n\u01a1i m\u00e0 t\u00f4i c\u00f3 th\u1ec3 th\u00eam c\u00e1c khuy\u1ebfn ngh\u1ecb, \u0111\u1eb7c bi\u1ec7t l\u00e0 cho c\u00e1c c\u1ef1u chi\u1ebfn binh.<\/p>\n<p style=\"text-align: justify;\">M\u1ed9t l\u1ea7n n\u1eefa, th\u1eadt tuy\u1ec7t khi cu\u1ed1i c\u00f9ng c\u0169ng \u0111\u01b0\u1ee3c g\u1eb7p b\u1ea1n. Vui l\u00f2ng tho\u1ea3i m\u00e1i vi\u1ebft th\u01b0 cho ch\u00fang t\u00f4i b\u1ea5t c\u1ee9 l\u00fac n\u00e0o v\u1ec1 b\u1ea5t c\u1ee9 \u0111i\u1ec1u g\u00ec. B\u1ea1n \u0111\u00e3 gi\u00fap ch\u00fang t\u00f4i m\u1ed9t vi\u1ec7c tuy\u1ec7t v\u1eddi b\u1eb1ng c\u00e1ch mang \u0111\u1ebfn cho ch\u00fang t\u00f4i nh\u1eefng k\u1ef7 ni\u1ec7m tuy\u1ec7t v\u1eddi m\u00e0 ch\u00fang t\u00f4i s\u1ebd tr\u00e2n tr\u1ecdng su\u1ed1t cu\u1ed9c \u0111\u1eddi.<\/p>\n<p style=\"text-align: justify;\">&#8211; Jerry v\u00e0 Sandy Peterson, M\u1ef9<\/p>\n\t\t<\/div>\n\t\t\t\t\t<\/div>\n\n\t\n\n\t<div id=\"col-1182101926\" class=\"col colTes small-12 large-12\"  >\n\t\t\t\t<div class=\"col-inner\"  >\n\t\t\t\n\t\t\t\n<h2 style=\"text-align: justify;\">Ch\u00fang t\u00f4i \u0111\u00e3 c\u00f3 m\u1ed9t kho\u1ea3ng th\u1eddi gian tuy\u1ec7t v\u1eddi trong su\u1ed1t chuy\u1ebfn \u0111i!<\/h2>\n<p style=\"text-align: justify;\">V\u1ea5n \u0111\u1ec1 duy nh\u1ea5t t\u00f4i g\u1eb7p ph\u1ea3i v\u1edbi b\u1ea1n l\u00e0 v\u1ea5n \u0111\u1ec1 x\u00e1c minh b\u1eb1ng th\u1ecb th\u1ef1c\u2026 nh\u01b0ng b\u1ea1n \u0111\u00e3 x\u1eed l\u00fd v\u1ea5n \u0111\u1ec1 \u0111\u00f3 r\u1ea5t t\u1ed1t, v\u00ec v\u1eady th\u00e0nh th\u1eadt m\u00e0 n\u00f3i t\u00f4i kh\u00f4ng bi\u1ebft b\u1ea1n c\u00f3 th\u1ec3 c\u1ea3i thi\u1ec7n \u0111\u01b0\u1ee3c nhi\u1ec1u \u0111i\u1ec1u n\u1eefa.<\/p>\n<p style=\"text-align: justify;\">Tr\u1ea3 l\u1eddi nhanh ch\u00f3ng v\u00e0 c\u00f3 n\u0103ng l\u1ef1c, \u0111\u00f3 l\u00e0 \u0111i\u1ec1u quan tr\u1ecdng nh\u1ea5t.<\/p>\n<p style=\"text-align: justify;\">&#8211; Lukas, \u0110\u1ee9c<\/p>\n\t\t<\/div>\n\t\t\t\t\t<\/div>\n\n\t\n<\/div>\n\t<div id=\"gap-1525016961\" class=\"gap-element clearfix\" style=\"display:block; height:auto;\">\n\t\t\n<style>\n#gap-1525016961 {\n  padding-top: 30px;\n}\n<\/style>\n\t<\/div>\n\t\n\t\t<\/div>\n\n\t\t\n<style>\n#section_914513218 {\n  padding-top: 0px;\n  padding-bottom: 0px;\n  background-color: rgba(225, 225, 225, 0.349);\n}\n#section_914513218 .ux-shape-divider--top svg {\n  height: 150px;\n  --divider-top-width: 100%;\n}\n#section_914513218 .ux-shape-divider--bottom svg {\n  height: 150px;\n  --divider-width: 100%;\n}\n<\/style>\n\t<\/section>\n\t\n","protected":false},"excerpt":{"rendered":"","protected":false},"author":1,"featured_media":0,"parent":0,"menu_order":0,"comment_status":"closed","ping_status":"closed","template":"page-blank.php","meta":{"footnotes":""},"class_list":["post-775","page","type-page","status-publish","hentry"],"acf":[],"yoast_head":"<!-- This site is optimized with the Yoast SEO plugin v21.7 - https:\/\/yoast.com\/wordpress\/plugins\/seo\/ -->\n<title>Ph\u1ea3n h\u1ed3i - VIETNAM WILDLIFE TOURS<\/title>\n<meta name=\"robots\" content=\"index, follow, max-snippet:-1, max-image-preview:large, max-video-preview:-1\" \/>\n<link rel=\"canonical\" href=\"https:\/\/www.vietnamwildlifetours.com.vn\/vi\/phan-hoi\/\" \/>\n<meta property=\"og:locale\" content=\"vi_VN\" \/>\n<meta property=\"og:type\" content=\"article\" \/>\n<meta property=\"og:title\" content=\"Ph\u1ea3n h\u1ed3i - VIETNAM WILDLIFE TOURS\" \/>\n<meta property=\"og:url\" content=\"https:\/\/www.vietnamwildlifetours.com.vn\/vi\/phan-hoi\/\" \/>\n<meta property=\"og:site_name\" content=\"VIETNAM WILDLIFE TOURS\" \/>\n<meta property=\"article:modified_time\" content=\"2024-08-29T07:45:39+00:00\" \/>\n<meta name=\"twitter:card\" content=\"summary_large_image\" \/>\n<meta name=\"twitter:label1\" content=\"Est. reading time\" \/>\n\t<meta name=\"twitter:data1\" content=\"2 minutes\" \/>\n<script type=\"application\/ld+json\" class=\"yoast-schema-graph\">{\"@context\":\"https:\/\/schema.org\",\"@graph\":[{\"@type\":\"WebPage\",\"@id\":\"https:\/\/www.vietnamwildlifetours.com.vn\/vi\/phan-hoi\/\",\"url\":\"https:\/\/www.vietnamwildlifetours.com.vn\/vi\/phan-hoi\/\",\"name\":\"Ph\u1ea3n h\u1ed3i - VIETNAM WILDLIFE TOURS\",\"isPartOf\":{\"@id\":\"https:\/\/www.vietnamwildlifetours.com.vn\/#website\"},\"datePublished\":\"2024-08-21T07:31:54+00:00\",\"dateModified\":\"2024-08-29T07:45:39+00:00\",\"breadcrumb\":{\"@id\":\"https:\/\/www.vietnamwildlifetours.com.vn\/vi\/phan-hoi\/#breadcrumb\"},\"inLanguage\":\"vi-VN\",\"potentialAction\":[{\"@type\":\"ReadAction\",\"target\":[\"https:\/\/www.vietnamwildlifetours.com.vn\/vi\/phan-hoi\/\"]}]},{\"@type\":\"BreadcrumbList\",\"@id\":\"https:\/\/www.vietnamwildlifetours.com.vn\/vi\/phan-hoi\/#breadcrumb\",\"itemListElement\":[{\"@type\":\"ListItem\",\"position\":1,\"name\":\"Trang ch\u1ee7\",\"item\":\"https:\/\/www.vietnamwildlifetours.com.vn\/vi\/\"},{\"@type\":\"ListItem\",\"position\":2,\"name\":\"Ph\u1ea3n h\u1ed3i\"}]},{\"@type\":\"WebSite\",\"@id\":\"https:\/\/www.vietnamwildlifetours.com.vn\/#website\",\"url\":\"https:\/\/www.vietnamwildlifetours.com.vn\/\",\"name\":\"VIETNAM WILDLIFE TOURS\",\"description\":\"\",\"potentialAction\":[{\"@type\":\"SearchAction\",\"target\":{\"@type\":\"EntryPoint\",\"urlTemplate\":\"https:\/\/www.vietnamwildlifetours.com.vn\/?s={search_term_string}\"},\"query-input\":\"required name=search_term_string\"}],\"inLanguage\":\"vi-VN\"}]}<\/script>\n<!-- \/ Yoast SEO plugin. -->","yoast_head_json":{"title":"Ph\u1ea3n h\u1ed3i - VIETNAM WILDLIFE TOURS","robots":{"index":"index","follow":"follow","max-snippet":"max-snippet:-1","max-image-preview":"max-image-preview:large","max-video-preview":"max-video-preview:-1"},"canonical":"https:\/\/www.vietnamwildlifetours.com.vn\/vi\/phan-hoi\/","og_locale":"vi_VN","og_type":"article","og_title":"Ph\u1ea3n h\u1ed3i - VIETNAM WILDLIFE TOURS","og_url":"https:\/\/www.vietnamwildlifetours.com.vn\/vi\/phan-hoi\/","og_site_name":"VIETNAM WILDLIFE TOURS","article_modified_time":"2024-08-29T07:45:39+00:00","twitter_card":"summary_large_image","twitter_misc":{"Est. reading time":"2 minutes"},"schema":{"@context":"https:\/\/schema.org","@graph":[{"@type":"WebPage","@id":"https:\/\/www.vietnamwildlifetours.com.vn\/vi\/phan-hoi\/","url":"https:\/\/www.vietnamwildlifetours.com.vn\/vi\/phan-hoi\/","name":"Ph\u1ea3n h\u1ed3i - VIETNAM WILDLIFE TOURS","isPartOf":{"@id":"https:\/\/www.vietnamwildlifetours.com.vn\/#website"},"datePublished":"2024-08-21T07:31:54+00:00","dateModified":"2024-08-29T07:45:39+00:00","breadcrumb":{"@id":"https:\/\/www.vietnamwildlifetours.com.vn\/vi\/phan-hoi\/#breadcrumb"},"inLanguage":"vi-VN","potentialAction":[{"@type":"ReadAction","target":["https:\/\/www.vietnamwildlifetours.com.vn\/vi\/phan-hoi\/"]}]},{"@type":"BreadcrumbList","@id":"https:\/\/www.vietnamwildlifetours.com.vn\/vi\/phan-hoi\/#breadcrumb","itemListElement":[{"@type":"ListItem","position":1,"name":"Trang ch\u1ee7","item":"https:\/\/www.vietnamwildlifetours.com.vn\/vi\/"},{"@type":"ListItem","position":2,"name":"Ph\u1ea3n h\u1ed3i"}]},{"@type":"WebSite","@id":"https:\/\/www.vietnamwildlifetours.com.vn\/#website","url":"https:\/\/www.vietnamwildlifetours.com.vn\/","name":"VIETNAM WILDLIFE TOURS","description":"","potentialAction":[{"@type":"SearchAction","target":{"@type":"EntryPoint","urlTemplate":"https:\/\/www.vietnamwildlifetours.com.vn\/?s={search_term_string}"},"query-input":"required name=search_term_string"}],"inLanguage":"vi-VN"}]}},"_links":{"self":[{"href":"https:\/\/www.vietnamwildlifetours.com.vn\/vi\/wp-json\/wp\/v2\/pages\/775","targetHints":{"allow":["GET"]}}],"collection":[{"href":"https:\/\/www.vietnamwildlifetours.com.vn\/vi\/wp-json\/wp\/v2\/pages"}],"about":[{"href":"https:\/\/www.vietnamwildlifetours.com.vn\/vi\/wp-json\/wp\/v2\/types\/page"}],"author":[{"embeddable":true,"href":"https:\/\/www.vietnamwildlifetours.com.vn\/vi\/wp-json\/wp\/v2\/users\/1"}],"replies":[{"embeddable":true,"href":"https:\/\/www.vietnamwildlifetours.com.vn\/vi\/wp-json\/wp\/v2\/comments?post=775"}],"version-history":[{"count":5,"href":"https:\/\/www.vietnamwildlifetours.com.vn\/vi\/wp-json\/wp\/v2\/pages\/775\/revisions"}],"predecessor-version":[{"id":1059,"href":"https:\/\/www.vietnamwildlifetours.com.vn\/vi\/wp-json\/wp\/v2\/pages\/775\/revisions\/1059"}],"wp:attachment":[{"href":"https:\/\/www.vietnamwildlifetours.com.vn\/vi\/wp-json\/wp\/v2\/media?parent=775"}],"curies":[{"name":"wp","href":"https:\/\/api.w.org\/{rel}","templated":true}]}}