
{"id":1029,"date":"2024-08-27T06:54:00","date_gmt":"2024-08-27T06:54:00","guid":{"rendered":"https:\/\/vietnamwildlifetours.tamnghiathemes.com\/?page_id=1029"},"modified":"2024-09-09T07:06:10","modified_gmt":"2024-09-09T07:06:10","slug":"dieu-khoan-va-dieu-kien-dat","status":"publish","type":"page","link":"https:\/\/www.vietnamwildlifetours.com.vn\/vi\/dieu-khoan-va-dieu-kien-dat\/","title":{"rendered":"\u0110i\u1ec1u kho\u1ea3n v\u00e0 \u0110i\u1ec1u ki\u1ec7n \u0111\u1eb7t"},"content":{"rendered":"\t<section class=\"section\" id=\"section_1213784561\">\n\t\t<div class=\"bg section-bg fill bg-fill  bg-loaded\" >\n\n\t\t\t\n\t\t\t\n\t\t\t\n\n\t\t<\/div>\n\n\t\t\n\n\t\t<div class=\"section-content relative\">\n\t\t\t\n<div class=\"row\"  id=\"row-481575552\">\n\n\t<div id=\"col-816089136\" class=\"col colAbout small-12 large-12\"  >\n\t\t\t\t<div class=\"col-inner\" style=\"background-color:rgb(255, 255, 255);\" >\n\t\t\t\n\t\t\t\n<h2 style=\"text-align: center;\"><strong>\u0110I\u1ec0U KHO\u1ea2N V\u00c0 \u0110I\u1ec0U KI\u1ec6N \u0110\u1eb6T<\/strong><\/h2>\n<h3 style=\"text-align: justify;\"><strong>1. \u0110i\u1ec1u kho\u1ea3n v\u00e0 \u0110i\u1ec1u ki\u1ec7n chung<\/strong><\/h3>\n<p>Vui l\u00f2ng \u0111\u1ecdc k\u1ef9 th\u00f4ng tin sau. N\u1ebfu b\u1ea1n quy\u1ebft \u0111\u1ecbnh th\u1ef1c hi\u1ec7n m\u1ed9t chuy\u1ebfn \u0111i v\u1edbi Vietnam Wildlife Tours v\u00e0 thanh to\u00e1n cho chuy\u1ebfn tham quan, th\u00ec b\u1ea1n \u0111\u1ed3ng \u00fd ch\u1ea5p nh\u1eadn c\u00e1c \u0111i\u1ec1u kho\u1ea3n v\u00e0 \u0111i\u1ec1u ki\u1ec7n c\u1ee7a h\u1ee3p \u0111\u1ed3ng n\u00e0y.<\/p>\n<h3 style=\"text-align: justify;\"><strong>2. Ph\u01b0\u01a1ng th\u1ee9c thanh to\u00e1n<\/strong><\/h3>\n<p>Ch\u00fang t\u00f4i ch\u1ea5p nh\u1eadn chuy\u1ec3n kho\u1ea3n v\u00e0 thanh to\u00e1n qua t\u00e0i kho\u1ea3n ng\u00e2n h\u00e0ng.<\/p>\n<h3 style=\"text-align: justify;\"><strong>3. Ch\u00ednh s\u00e1ch \u0111\u1eb7t ch\u1ed7<\/strong><\/h3>\n<ul>\n<li>\n<p>Qu\u00fd kh\u00e1ch ph\u1ea3i \u0111\u1eb7t c\u1ecdc 15% gi\u00e1 tour t\u1ea1i th\u1eddi \u0111i\u1ec3m \u0111\u1eb7t \u0111\u1ec3 x\u00e1c nh\u1eadn vi\u1ec7c \u0111\u1eb7t ch\u1ed7 c\u1ee7a m\u00ecnh. B\u1ea1n ph\u1ea3i thanh to\u00e1n to\u00e0n b\u1ed9 s\u1ed1 d\u01b0 c\u00f2n l\u1ea1i ch\u1eadm nh\u1ea5t l\u00e0 45 ng\u00e0y tr\u01b0\u1edbc ng\u00e0y kh\u1edfi h\u00e0nh (chuy\u1ec3n kho\u1ea3n).<\/p>\n<\/li>\n<li>\n<p>N\u1ebfu b\u1ea1n \u0111\u1eb7t ch\u1ed7 \u00edt h\u01a1n 45 ng\u00e0y (chuy\u1ec3n kho\u1ea3n) tr\u01b0\u1edbc ng\u00e0y kh\u1edfi h\u00e0nh, b\u1ea1n s\u1ebd ph\u1ea3i thanh to\u00e1n \u0111\u1ea7y \u0111\u1ee7 ngay l\u1eadp t\u1ee9c.<\/p>\n<\/li>\n<\/ul>\n<h3 style=\"text-align: justify;\"><strong>4. Ch\u00ednh s\u00e1ch h\u1ee7y \u0111\u1eb7t ch\u1ed7<\/strong><\/h3>\n<p>Khi nh\u1eadn \u0111\u01b0\u1ee3c th\u00f4ng b\u00e1o b\u1eb1ng v\u0103n b\u1ea3n v\u1ec1 vi\u1ec7c h\u1ee7y b\u1ecf, l\u1ecbch tr\u00ecnh sau \u0111\u00e2y s\u1ebd \u0111\u01b0\u1ee3c \u00e1p d\u1ee5ng:<\/p>\n<ul>\n<li>T\u1eeb 46 ng\u00e0y tr\u1edf l\u00ean tr\u01b0\u1edbc ng\u00e0y kh\u1edfi h\u00e0nh tour: m\u1ea5t ti\u1ec1n \u0111\u1eb7t c\u1ecdc<\/li>\n<li>45 &#8211; 0 ng\u00e0y tr\u01b0\u1edbc ng\u00e0y kh\u1edfi h\u00e0nh: kh\u00f4ng ho\u00e0n l\u1ea1i ti\u1ec1n.<\/li>\n<\/ul>\n<p>Kh\u00f4ng ho\u00e0n l\u1ea1i ti\u1ec1n cho b\u1ea5t k\u1ef3 d\u1ecbch v\u1ee5 kh\u00f4ng s\u1eed d\u1ee5ng. S\u1ebd kh\u00f4ng ho\u00e0n l\u1ea1i ti\u1ec1n n\u1ebfu b\u1ea1n r\u1eddi chuy\u1ebfn \u0111i s\u1edbm v\u00ec b\u1ea5t k\u1ef3 l\u00fd do g\u00ec.<\/p>\n<p>N\u1ebfu b\u1ea1n ph\u1ea3i h\u1ee7y, ch\u00fang t\u00f4i s\u1ebd th\u00f4ng c\u1ea3m nh\u1ea5t c\u00f3 th\u1ec3 v\u00e0 s\u1ebd c\u1ed1 g\u1eafng h\u1ebft s\u1ee9c \u0111\u1ec3 linh ho\u1ea1t.<\/p>\n<h3 style=\"text-align: justify;\"><strong>5. Tr\u00e1ch nhi\u1ec7m c\u1ee7a c\u00f4ng ty<\/strong><\/h3>\n<ul>\n<li>\n<p>Ch\u00fang t\u00f4i ch\u1ea5p nh\u1eadn tr\u00e1ch nhi\u1ec7m th\u1ef1c hi\u1ec7n c\u00e1c \u0111i\u1ec1u kho\u1ea3n li\u00ean h\u1ec7 v\u00e0 v\u1ec1 hi\u1ec7u qu\u1ea3 ho\u1ea1t \u0111\u1ed9ng c\u1ee7a nh\u00e2n vi\u00ean, nh\u00e0 th\u1ea7u ph\u1ee5 v\u00e0 nh\u00e0 cung c\u1ea5p c\u1ee7a ch\u00fang t\u00f4i. Ch\u00fang t\u00f4i s\u1ebd kh\u00f4ng ch\u1ecbu tr\u00e1ch nhi\u1ec7m b\u1ed3i th\u01b0\u1eddng n\u1ebfu l\u1ed7i do b\u1ea1n g\u00e2y ra. Ngo\u00e0i ra, Vietnam Wildlife Tours kh\u00f4ng ch\u1ecbu tr\u00e1ch nhi\u1ec7m v\u1ec1 b\u1ea5t k\u1ef3 m\u1ea5t m\u00e1t, thi\u1ec7t h\u1ea1i, ngh\u0129a v\u1ee5 chi ph\u00ed ho\u1eb7c chi ph\u00ed n\u00e0o ph\u00e1t sinh, tr\u1ef1c ti\u1ebfp ho\u1eb7c gi\u00e1n ti\u1ebfp, do th\u01b0\u01a1ng t\u00edch, tai n\u1ea1n ho\u1eb7c t\u1eed vong, m\u1ea5t m\u00e1t, h\u01b0 h\u1ecfng ho\u1eb7c ch\u1eadm tr\u1ec5 h\u00e0nh l\u00fd ho\u1eb7c t\u00e0i s\u1ea3n kh\u00e1c, thi\u00ean tai, ho\u1ea1t \u0111\u1ed9ng ch\u00ednh tr\u1ecb v\u00e0 t\u00ecnh tr\u1ea1ng b\u1ea5t \u1ed5n ng\u01b0\u1eddi \u0111i du l\u1ecbch ph\u1ea3i ch\u1ecbu. Th\u00e0nh vi\u00ean tham gia tour b\u1eaft bu\u1ed9c ph\u1ea3i c\u00f3 b\u1ea3o hi\u1ec3m du l\u1ecbch \u0111\u1ea7y \u0111\u1ee7.<\/p>\n<\/li>\n<li>\n<p>B\u1ea5t k\u1ef3 chuy\u1ebfn bay n\u00e0o \u0111\u01b0\u1ee3c \u0111\u1eb7t b\u1edfi Vietnam Wildlife Tours \u0111\u1ec1u \u0111\u01b0\u1ee3c \u0111\u1eb7t tr\u01b0\u1edbc v\u00e0 x\u00e1c nh\u1eadn t\u00f9y v\u00e0o t\u00ecnh tr\u1ea1ng s\u1eb5n c\u00f3 v\u1edbi h\u00e3ng h\u00e0ng kh\u00f4ng. Ch\u00fang t\u00f4i kh\u00f4ng th\u1ec3 ch\u1ecbu tr\u00e1ch nhi\u1ec7m v\u1ec1 b\u1ea5t k\u1ef3 s\u1ef1 ch\u1eadm tr\u1ec5, h\u1ee7y chuy\u1ebfn ho\u1eb7c gi\u00e1n \u0111o\u1ea1n n\u00e0o c\u1ee7a h\u00e3ng h\u00e0ng kh\u00f4ng c\u00f3 th\u1ec3 x\u1ea3y ra trong ng\u00e0nh h\u00e0ng kh\u00f4ng v\u00e0 n\u1eb1m ngo\u00e0i t\u1ea7m ki\u1ec3m so\u00e1t c\u1ee7a ch\u00fang t\u00f4i. L\u1ecbch tr\u00ecnh h\u00e3ng h\u00e0ng kh\u00f4ng v\u00e0 \u0111i\u1ec1u ki\u1ec7n \u0111\u1ecba ph\u01b0\u01a1ng c\u00f3 th\u1ec3 \u1ea3nh h\u01b0\u1edfng \u0111\u1ebfn ch\u1ed7 \u1edf v\u00e0 h\u00e0nh tr\u00ecnh. N\u1ebfu \u0111i\u1ec1u n\u00e0y x\u1ea3y ra, Vietnam Wildlife Tours s\u1ebd n\u1ed7 l\u1ef1c thay th\u1ebf b\u1eb1ng m\u1ed9t th\u1ecfa thu\u1eadn ph\u00f9 h\u1ee3p c\u00f3 gi\u00e1 tr\u1ecb t\u01b0\u01a1ng t\u1ef1. Vi\u1ec7c tham gia v\u00e0o b\u1ea5t k\u1ef3 chuy\u1ebfn tham quan n\u00e0o \u0111\u1ec1u c\u00f3 ngh\u0129a l\u00e0 t\u1ea5t c\u1ea3 c\u00e1c b\u00ean li\u00ean quan \u0111\u1ec1u \u0111\u1ed3ng \u00fd \u0111\u1ea7y \u0111\u1ee7 v\u1edbi c\u00e1c \u0111i\u1ec1u ki\u1ec7n tr\u00ean.<\/p>\n<\/li>\n<\/ul>\n<h3 style=\"text-align: justify;\"><strong>6. Quy\u1ec1n ri\u00eang t\u01b0 <\/strong><\/h3>\n<ul>\n<li>\n<p>Sau khi b\u1ea1n x\u00e1c nh\u1eadn (c\u00e1c) chuy\u1ebfn tham quan \u0111\u00e3 \u0111\u1eb7t, ch\u00fang t\u00f4i s\u1ebd g\u1eedi cho b\u1ea1n m\u1ed9t bi\u1ec3u m\u1eabu \u0111\u1ec3 thu th\u1eadp th\u00f4ng tin li\u00ean quan \u0111\u1ebfn vi\u1ec7c s\u1eafp x\u1ebfp chuy\u1ebfn \u0111i c\u1ee7a b\u1ea1n, c\u00f3 th\u1ec3 bao g\u1ed3m th\u00f4ng tin c\u00e1 nh\u00e2n v\u1ec1 b\u1ea1n, ch\u1eb3ng h\u1ea1n nh\u01b0 t\u00ean \u0111\u1ea7y \u0111\u1ee7 c\u1ee7a b\u1ea1n (nh\u01b0 tr\u00ean h\u1ed9 chi\u1ebfu), ng\u00e0y sinh , s\u1ed1 h\u1ed9 chi\u1ebfu, qu\u1ed1c t\u1ecbch, s\u1ed1 \u0111i\u1ec7n tho\u1ea1i v\u00e0 \u0111\u1ecba ch\u1ec9 email c\u1ee7a b\u1ea1n.<\/p>\n<\/li>\n<li>\n<p>Ch\u00fang t\u00f4i s\u1ebd ch\u1ec9 chuy\u1ec3n th\u00f4ng tin b\u1ea1n cung c\u1ea5p cho ch\u00fang t\u00f4i cho c\u00e1c b\u00ean th\u1ee9 ba nh\u01b0 h\u00e3ng h\u00e0ng kh\u00f4ng, c\u00f4ng ty du l\u1ecbch, kh\u00e1ch s\u1ea1n ho\u1eb7c nh\u00e0 cung c\u1ea5p b\u1ea3o hi\u1ec3m khi th\u00f4ng tin \u0111\u00f3 c\u1ea7n thi\u1ebft \u0111\u1ec3 ho\u00e0n t\u1ea5t vi\u1ec7c s\u1eafp x\u1ebfp chuy\u1ebfn \u0111i c\u1ee7a b\u1ea1n.<\/p>\n<\/li>\n<li>\n<p>Trong tr\u01b0\u1eddng h\u1ee3p ch\u00fang t\u00f4i l\u01b0u gi\u1eef th\u00f4ng tin c\u00e1 nh\u00e2n v\u1ec1 b\u1ea1n v\u00e0 b\u1ea1n ch\u1ee9ng minh r\u1eb1ng th\u00f4ng tin \u0111\u00f3 kh\u00f4ng ch\u00ednh x\u00e1c, vui l\u00f2ng g\u1eedi email cho ch\u00fang t\u00f4i v\u00e0 ch\u00fang t\u00f4i s\u1ebd th\u1ef1c hi\u1ec7n c\u00e1c b\u01b0\u1edbc nhanh ch\u00f3ng \u0111\u1ec3 s\u1eeda th\u00f4ng tin \u0111\u00f3.<\/p>\n<\/li>\n<li>\n<p>Khi cung c\u1ea5p th\u00f4ng tin n\u00e0y cho ch\u00fang t\u00f4i, b\u1ea1n \u0111\u1ed3ng \u00fd \u0111\u1ec3 Vietnam Wildlife Tours s\u1eed d\u1ee5ng th\u00f4ng tin c\u00e1 nh\u00e2n n\u00e0y nh\u1eb1m m\u1ee5c \u0111\u00edch thay m\u1eb7t b\u1ea1n th\u1ef1c hi\u1ec7n v\u00e0 ho\u00e0n t\u1ea5t vi\u1ec7c s\u1eafp x\u1ebfp chuy\u1ebfn \u0111i.<\/p>\n<\/li>\n<li>\n<p>Ch\u00fang t\u00f4i s\u1ebd gi\u1eef th\u00f4ng tin c\u00e1 nh\u00e2n c\u1ee7a b\u1ea1n an to\u00e0n v\u00e0 b\u1ea3o m\u1eadt kh\u1ecfi s\u1ef1 truy c\u1eadp tr\u00e1i ph\u00e9p.<\/p>\n<\/li>\n<\/ul>\n\t\t<\/div>\n\t\t\t\t\n<style>\n#col-816089136 > .col-inner {\n  padding: 15px 15px 15px 15px;\n  border-radius: 20px;\n}\n<\/style>\n\t<\/div>\n\n\t\n<\/div>\n\t\t<\/div>\n\n\t\t\n<style>\n#section_1213784561 {\n  padding-top: 30px;\n  padding-bottom: 30px;\n  background-color: rgba(225, 225, 225, 0.349);\n}\n#section_1213784561 .ux-shape-divider--top svg {\n  height: 150px;\n  --divider-top-width: 100%;\n}\n#section_1213784561 .ux-shape-divider--bottom svg {\n  height: 150px;\n  --divider-width: 100%;\n}\n<\/style>\n\t<\/section>\n\t\n","protected":false},"excerpt":{"rendered":"","protected":false},"author":1,"featured_media":0,"parent":0,"menu_order":0,"comment_status":"closed","ping_status":"closed","template":"page-blank.php","meta":{"footnotes":""},"class_list":["post-1029","page","type-page","status-publish","hentry"],"acf":[],"yoast_head":"<!-- This site is optimized with the Yoast SEO plugin v21.7 - https:\/\/yoast.com\/wordpress\/plugins\/seo\/ -->\n<title>\u0110i\u1ec1u kho\u1ea3n v\u00e0 \u0110i\u1ec1u ki\u1ec7n \u0111\u1eb7t - VIETNAM WILDLIFE TOURS<\/title>\n<meta name=\"robots\" content=\"index, follow, max-snippet:-1, max-image-preview:large, max-video-preview:-1\" \/>\n<link rel=\"canonical\" href=\"https:\/\/www.vietnamwildlifetours.com.vn\/vi\/dieu-khoan-va-dieu-kien-dat\/\" \/>\n<meta property=\"og:locale\" content=\"vi_VN\" \/>\n<meta property=\"og:type\" content=\"article\" \/>\n<meta property=\"og:title\" content=\"\u0110i\u1ec1u kho\u1ea3n v\u00e0 \u0110i\u1ec1u ki\u1ec7n \u0111\u1eb7t - VIETNAM WILDLIFE TOURS\" \/>\n<meta property=\"og:url\" content=\"https:\/\/www.vietnamwildlifetours.com.vn\/vi\/dieu-khoan-va-dieu-kien-dat\/\" \/>\n<meta property=\"og:site_name\" content=\"VIETNAM WILDLIFE TOURS\" \/>\n<meta property=\"article:modified_time\" content=\"2024-09-09T07:06:10+00:00\" \/>\n<meta name=\"twitter:card\" content=\"summary_large_image\" \/>\n<meta name=\"twitter:label1\" content=\"Est. reading time\" \/>\n\t<meta name=\"twitter:data1\" content=\"3 minutes\" \/>\n<script type=\"application\/ld+json\" class=\"yoast-schema-graph\">{\"@context\":\"https:\/\/schema.org\",\"@graph\":[{\"@type\":\"WebPage\",\"@id\":\"https:\/\/www.vietnamwildlifetours.com.vn\/vi\/dieu-khoan-va-dieu-kien-dat\/\",\"url\":\"https:\/\/www.vietnamwildlifetours.com.vn\/vi\/dieu-khoan-va-dieu-kien-dat\/\",\"name\":\"\u0110i\u1ec1u kho\u1ea3n v\u00e0 \u0110i\u1ec1u ki\u1ec7n \u0111\u1eb7t - VIETNAM WILDLIFE TOURS\",\"isPartOf\":{\"@id\":\"https:\/\/www.vietnamwildlifetours.com.vn\/#website\"},\"datePublished\":\"2024-08-27T06:54:00+00:00\",\"dateModified\":\"2024-09-09T07:06:10+00:00\",\"breadcrumb\":{\"@id\":\"https:\/\/www.vietnamwildlifetours.com.vn\/vi\/dieu-khoan-va-dieu-kien-dat\/#breadcrumb\"},\"inLanguage\":\"vi-VN\",\"potentialAction\":[{\"@type\":\"ReadAction\",\"target\":[\"https:\/\/www.vietnamwildlifetours.com.vn\/vi\/dieu-khoan-va-dieu-kien-dat\/\"]}]},{\"@type\":\"BreadcrumbList\",\"@id\":\"https:\/\/www.vietnamwildlifetours.com.vn\/vi\/dieu-khoan-va-dieu-kien-dat\/#breadcrumb\",\"itemListElement\":[{\"@type\":\"ListItem\",\"position\":1,\"name\":\"Trang ch\u1ee7\",\"item\":\"https:\/\/www.vietnamwildlifetours.com.vn\/vi\/\"},{\"@type\":\"ListItem\",\"position\":2,\"name\":\"\u0110i\u1ec1u kho\u1ea3n v\u00e0 \u0110i\u1ec1u ki\u1ec7n \u0111\u1eb7t\"}]},{\"@type\":\"WebSite\",\"@id\":\"https:\/\/www.vietnamwildlifetours.com.vn\/#website\",\"url\":\"https:\/\/www.vietnamwildlifetours.com.vn\/\",\"name\":\"VIETNAM WILDLIFE TOURS\",\"description\":\"\",\"potentialAction\":[{\"@type\":\"SearchAction\",\"target\":{\"@type\":\"EntryPoint\",\"urlTemplate\":\"https:\/\/www.vietnamwildlifetours.com.vn\/?s={search_term_string}\"},\"query-input\":\"required name=search_term_string\"}],\"inLanguage\":\"vi-VN\"}]}<\/script>\n<!-- \/ Yoast SEO plugin. -->","yoast_head_json":{"title":"\u0110i\u1ec1u kho\u1ea3n v\u00e0 \u0110i\u1ec1u ki\u1ec7n \u0111\u1eb7t - VIETNAM WILDLIFE TOURS","robots":{"index":"index","follow":"follow","max-snippet":"max-snippet:-1","max-image-preview":"max-image-preview:large","max-video-preview":"max-video-preview:-1"},"canonical":"https:\/\/www.vietnamwildlifetours.com.vn\/vi\/dieu-khoan-va-dieu-kien-dat\/","og_locale":"vi_VN","og_type":"article","og_title":"\u0110i\u1ec1u kho\u1ea3n v\u00e0 \u0110i\u1ec1u ki\u1ec7n \u0111\u1eb7t - VIETNAM WILDLIFE TOURS","og_url":"https:\/\/www.vietnamwildlifetours.com.vn\/vi\/dieu-khoan-va-dieu-kien-dat\/","og_site_name":"VIETNAM WILDLIFE TOURS","article_modified_time":"2024-09-09T07:06:10+00:00","twitter_card":"summary_large_image","twitter_misc":{"Est. reading time":"3 minutes"},"schema":{"@context":"https:\/\/schema.org","@graph":[{"@type":"WebPage","@id":"https:\/\/www.vietnamwildlifetours.com.vn\/vi\/dieu-khoan-va-dieu-kien-dat\/","url":"https:\/\/www.vietnamwildlifetours.com.vn\/vi\/dieu-khoan-va-dieu-kien-dat\/","name":"\u0110i\u1ec1u kho\u1ea3n v\u00e0 \u0110i\u1ec1u ki\u1ec7n \u0111\u1eb7t - VIETNAM WILDLIFE TOURS","isPartOf":{"@id":"https:\/\/www.vietnamwildlifetours.com.vn\/#website"},"datePublished":"2024-08-27T06:54:00+00:00","dateModified":"2024-09-09T07:06:10+00:00","breadcrumb":{"@id":"https:\/\/www.vietnamwildlifetours.com.vn\/vi\/dieu-khoan-va-dieu-kien-dat\/#breadcrumb"},"inLanguage":"vi-VN","potentialAction":[{"@type":"ReadAction","target":["https:\/\/www.vietnamwildlifetours.com.vn\/vi\/dieu-khoan-va-dieu-kien-dat\/"]}]},{"@type":"BreadcrumbList","@id":"https:\/\/www.vietnamwildlifetours.com.vn\/vi\/dieu-khoan-va-dieu-kien-dat\/#breadcrumb","itemListElement":[{"@type":"ListItem","position":1,"name":"Trang ch\u1ee7","item":"https:\/\/www.vietnamwildlifetours.com.vn\/vi\/"},{"@type":"ListItem","position":2,"name":"\u0110i\u1ec1u kho\u1ea3n v\u00e0 \u0110i\u1ec1u ki\u1ec7n \u0111\u1eb7t"}]},{"@type":"WebSite","@id":"https:\/\/www.vietnamwildlifetours.com.vn\/#website","url":"https:\/\/www.vietnamwildlifetours.com.vn\/","name":"VIETNAM WILDLIFE TOURS","description":"","potentialAction":[{"@type":"SearchAction","target":{"@type":"EntryPoint","urlTemplate":"https:\/\/www.vietnamwildlifetours.com.vn\/?s={search_term_string}"},"query-input":"required name=search_term_string"}],"inLanguage":"vi-VN"}]}},"_links":{"self":[{"href":"https:\/\/www.vietnamwildlifetours.com.vn\/vi\/wp-json\/wp\/v2\/pages\/1029","targetHints":{"allow":["GET"]}}],"collection":[{"href":"https:\/\/www.vietnamwildlifetours.com.vn\/vi\/wp-json\/wp\/v2\/pages"}],"about":[{"href":"https:\/\/www.vietnamwildlifetours.com.vn\/vi\/wp-json\/wp\/v2\/types\/page"}],"author":[{"embeddable":true,"href":"https:\/\/www.vietnamwildlifetours.com.vn\/vi\/wp-json\/wp\/v2\/users\/1"}],"replies":[{"embeddable":true,"href":"https:\/\/www.vietnamwildlifetours.com.vn\/vi\/wp-json\/wp\/v2\/comments?post=1029"}],"version-history":[{"count":6,"href":"https:\/\/www.vietnamwildlifetours.com.vn\/vi\/wp-json\/wp\/v2\/pages\/1029\/revisions"}],"predecessor-version":[{"id":1192,"href":"https:\/\/www.vietnamwildlifetours.com.vn\/vi\/wp-json\/wp\/v2\/pages\/1029\/revisions\/1192"}],"wp:attachment":[{"href":"https:\/\/www.vietnamwildlifetours.com.vn\/vi\/wp-json\/wp\/v2\/media?parent=1029"}],"curies":[{"name":"wp","href":"https:\/\/api.w.org\/{rel}","templated":true}]}}